{"id":1503,"date":"2019-10-02T17:33:07","date_gmt":"2019-10-02T15:33:07","guid":{"rendered":"https:\/\/aittola-zar.com\/carta\/alubiada\/"},"modified":"2024-11-18T15:09:16","modified_gmt":"2024-11-18T14:09:16","slug":"alubiada","status":"publish","type":"page","link":"https:\/\/aittola-zar.com\/es\/carta\/alubiada\/","title":{"rendered":"Alubiada"},"content":{"rendered":"<p>[et_pb_section fb_built=\u00bb1&#8243; _builder_version=\u00bb4.16&#8243; background_color=\u00bb#ebebe3&#8243; custom_margin=\u00bb||\u00bb custom_padding=\u00bb||\u00bb global_colors_info=\u00bb{}\u00bb][et_pb_row _builder_version=\u00bb4.16&#8243; global_colors_info=\u00bb{}\u00bb][et_pb_column type=\u00bb4_4&#8243; _builder_version=\u00bb4.16&#8243; custom_padding=\u00bb|||\u00bb global_colors_info=\u00bb{}\u00bb custom_padding__hover=\u00bb|||\u00bb][et_pb_text admin_label=\u00bbTitle\u00bb module_class=\u00bbaittola-zar \u00bb _builder_version=\u00bb4.16&#8243; text_font=\u00bb||||||||\u00bb header_font=\u00bb||||||||\u00bb header_2_font=\u00bbCormorant Garamond|500|||||||\u00bb header_2_text_color=\u00bb#1e1e1e\u00bb header_2_font_size=\u00bb36px\u00bb text_orientation=\u00bbcenter\u00bb custom_margin=\u00bb||15px|\u00bb animation_style=\u00bbfade\u00bb global_colors_info=\u00bb{}\u00bb]<\/p>\n<h2>Alubiada<\/h2>\n<p>[\/et_pb_text][\/et_pb_column][\/et_pb_row][et_pb_row column_structure=\u00bb1_2,1_2&#8243; module_class=\u00bbplaterrak\u00bb _builder_version=\u00bb4.16&#8243; custom_margin=\u00bb||0px\u00bb custom_padding=\u00bb||0px\u00bb global_colors_info=\u00bb{}\u00bb][et_pb_column type=\u00bb1_2&#8243; _builder_version=\u00bb4.16&#8243; custom_padding=\u00bb|||\u00bb global_colors_info=\u00bb{}\u00bb custom_padding__hover=\u00bb|||\u00bb][et_pb_gallery gallery_ids=\u00bb1286,1320&#8243; posts_number=\u00bb1&#8243; show_title_and_caption=\u00bboff\u00bb show_pagination=\u00bboff\u00bb zoom_icon_color=\u00bb#e0b70d\u00bb hover_overlay_color=\u00bbrgba(235,235,227,0.27)\u00bb hover_icon=\u00bb&#x50;||divi||400&#8243; module_class=\u00bbgaleria\u00bb _builder_version=\u00bb4.16&#8243; width=\u00bb120%\u00bb height=\u00bb120%\u00bb custom_margin=\u00bb|||8%\u00bb custom_padding=\u00bb10px|10px|10px|10px\u00bb custom_css_gallery_item=\u00bbwidth: 75%\u00bb border_width_all=\u00bb1px\u00bb border_color_all=\u00bb#e0b70d\u00bb global_colors_info=\u00bb{}\u00bb][\/et_pb_gallery][\/et_pb_column][et_pb_column type=\u00bb1_2&#8243; _builder_version=\u00bb4.16&#8243; custom_padding=\u00bb|||\u00bb global_colors_info=\u00bb{}\u00bb custom_padding__hover=\u00bb|||\u00bb][et_pb_divider show_divider=\u00bboff\u00bb admin_label=\u00bbSeparador\u00bb _builder_version=\u00bb4.27.3&#8243; global_colors_info=\u00bb{}\u00bb][\/et_pb_divider][et_pb_text admin_label=\u00bbTexto\u00bb _builder_version=\u00bb4.27.3&#8243; global_colors_info=\u00bb{}\u00bb]<\/p>\n<p data-pm-slice=\"1 1 []\">En nuestro restaurante en Azkoitia, preparamos la alubiada vasca con ingredientes locales de la m\u00e1xima calidad, garantizando un sabor \u00fanico.<\/p>\n<h2>La Alubiada de Aittola-Zar<\/h2>\n<p>Nuestra alubiada, elaborada con alubias de calidad y acompa\u00f1ada de los tradicionales \u00absacramentos\u00bb (chorizo, morcilla, costilla y tocino), es el reflejo de la tradici\u00f3n vasca. Usamos productos locales para asegurar frescura y autenticidad en cada bocado.<\/p>\n<h2>Por qu\u00e9 elegirnos<\/h2>\n<p>En Aittola-Zar no solo ofrecemos una excelente cocina, sino tambi\u00e9n una experiencia \u00fanica en un entorno rural acogedor. Nuestra alubiada, preparada con cari\u00f1o y respeto por el producto local, es el plato ideal para quienes buscan conectar con la tradici\u00f3n gastron\u00f3mica de Gipuzkoa.<\/p>\n<h2>Reserva tu mesa<\/h2>\n<p>No esperes m\u00e1s para degustar una riqu\u00edsima alubiada en Gipuzkoa. Reserva tu mesa en Aittola-Zar y disfruta de una excelente experiencia gastron\u00f3mica.<\/p>\n<p><strong>\u00a1Te esperamos en Aittola-Zar! <a href=\"https:\/\/aittola-zar.com\/es\/contacto\/\">Cont\u00e1ctanos<\/a><\/strong><\/p>\n<p>\u200b<\/p>\n<p>[\/et_pb_text][\/et_pb_column][\/et_pb_row][\/et_pb_section][et_pb_section fb_built=\u00bb1&#8243; admin_label=\u00bbBereizten gaituena\u00bb _builder_version=\u00bb4.16&#8243; background_image=\u00bbhttps:\/\/aittola-zar.com\/wp-content\/uploads\/2019\/07\/Aittola-Zar-Fondoa1920x442.png\u00bb background_size=\u00bbcontain\u00bb custom_margin=\u00bb0px||\u00bb custom_padding=\u00bb20px||90px|\u00bb global_colors_info=\u00bb{}\u00bb][et_pb_row module_class=\u00bbaittola-zar \u00bb _builder_version=\u00bb4.16&#8243; custom_margin=\u00bb|||\u00bb global_colors_info=\u00bb{}\u00bb][et_pb_column type=\u00bb4_4&#8243; _builder_version=\u00bb4.16&#8243; custom_padding=\u00bb|||\u00bb global_colors_info=\u00bb{}\u00bb custom_padding__hover=\u00bb|||\u00bb][et_pb_text admin_label=\u00bbTitle\u00bb _builder_version=\u00bb4.16&#8243; text_font=\u00bb||||||||\u00bb header_font=\u00bb||||||||\u00bb header_2_font=\u00bbCormorant Garamond|500|||||||\u00bb header_2_text_color=\u00bb#1e1e1e\u00bb header_2_font_size=\u00bb36px\u00bb text_orientation=\u00bbcenter\u00bb custom_margin=\u00bb||15px|\u00bb animation_style=\u00bbfade\u00bb global_colors_info=\u00bb{}\u00bb]<\/p>\n<h2>Lo que nos distingue<\/h2>\n<p>[\/et_pb_text][et_pb_divider color=\u00bb#cccccc\u00bb divider_weight=\u00bb2px\u00bb _builder_version=\u00bb4.16&#8243; max_width=\u00bb80px\u00bb max_width_tablet=\u00bb100px\u00bb max_width_phone=\u00bb100px\u00bb max_width_last_edited=\u00bboff|desktop\u00bb module_alignment=\u00bbcenter\u00bb animation_style=\u00bbfade\u00bb global_colors_info=\u00bb{}\u00bb][\/et_pb_divider][\/et_pb_column][\/et_pb_row][et_pb_row column_structure=\u00bb1_3,1_3,1_3&#8243; make_equal=\u00bbon\u00bb module_class=\u00bbaittola-zar\u00bb _builder_version=\u00bb4.16&#8243; width=\u00bb90%\u00bb max_width=\u00bb1200px\u00bb global_colors_info=\u00bb{}\u00bb][et_pb_column type=\u00bb1_3&#8243; _builder_version=\u00bb4.16&#8243; custom_padding=\u00bb|||\u00bb global_colors_info=\u00bb{}\u00bb custom_padding__hover=\u00bb|||\u00bb][et_pb_blurb title=\u00bbCroquetas\u00bb url=\u00bbhttps:\/\/aittola-zar.com\/es\/carta\/croquetas\u00bb image=\u00bbhttps:\/\/aittola-zar.com\/wp-content\/uploads\/2019\/10\/Aitola-Zar_Kroketak_Kalamarrak-1.jpg\u00bb module_class=\u00bbblurb_click\u00bb _builder_version=\u00bb4.16&#8243; header_level=\u00bbh3&#8243; header_font=\u00bbCormorant Garamond||||||||\u00bb header_font_size=\u00bb24px\u00bb body_font=\u00bbMontserrat|500|||||||\u00bb body_font_size=\u00bb13px\u00bb body_line_height=\u00bb1.8em\u00bb text_orientation=\u00bbcenter\u00bb custom_padding=\u00bb10px|10px|10px|10px|true|true\u00bb animation_style=\u00bbfade\u00bb border_width_all=\u00bb1px\u00bb border_color_all=\u00bb#857566&#8243; global_colors_info=\u00bb{}\u00bb transform_styles__hover_enabled=\u00bbon\u00bb transform_scale__hover_enabled=\u00bbon\u00bb transform_translate__hover_enabled=\u00bbon\u00bb transform_rotate__hover_enabled=\u00bbon\u00bb transform_skew__hover_enabled=\u00bbon\u00bb transform_origin__hover_enabled=\u00bbon\u00bb transform_scale__hover=\u00bb90%|90%\u00bb]<\/p>\n<p><a href=\"https:\/\/aittola-zar.com\/es\/carta\/croquetas\">Fin\u00edsima besamel<\/a><\/p>\n<p>[\/et_pb_blurb][\/et_pb_column][et_pb_column type=\u00bb1_3&#8243; _builder_version=\u00bb4.16&#8243; custom_padding=\u00bb|||\u00bb global_colors_info=\u00bb{}\u00bb custom_padding__hover=\u00bb|||\u00bb][et_pb_blurb title=\u00bbCarne de casa\u00bb url=\u00bbhttps:\/\/aittola-zar.com\/es\/carta\/carnes\u00bb image=\u00bbhttps:\/\/aittola-zar.com\/wp-content\/uploads\/2019\/09\/Aitola-Zar_EtxekoHaragia.jpg\u00bb module_class=\u00bbblurb_click\u00bb _builder_version=\u00bb4.16&#8243; header_level=\u00bbh3&#8243; header_font=\u00bbCormorant Garamond||||||||\u00bb header_font_size=\u00bb24px\u00bb body_font=\u00bbMontserrat|500|||||||\u00bb body_font_size=\u00bb13px\u00bb body_line_height=\u00bb1.8em\u00bb text_orientation=\u00bbcenter\u00bb custom_padding=\u00bb10px|10px|10px|10px|true|true\u00bb animation_style=\u00bbfade\u00bb border_width_all=\u00bb1px\u00bb border_color_all=\u00bb#857566&#8243; global_colors_info=\u00bb{}\u00bb transform_styles__hover_enabled=\u00bbon\u00bb transform_scale__hover_enabled=\u00bbon\u00bb transform_translate__hover_enabled=\u00bbon\u00bb transform_rotate__hover_enabled=\u00bbon\u00bb transform_skew__hover_enabled=\u00bbon\u00bb transform_origin__hover_enabled=\u00bbon\u00bb transform_scale__hover=\u00bb90%|90%\u00bb]<\/p>\n<p><a href=\"https:\/\/aittola-zar.com\/es\/carta\/carnes\">Nuestros animales<\/a><\/p>\n<p>[\/et_pb_blurb][\/et_pb_column][et_pb_column type=\u00bb1_3&#8243; _builder_version=\u00bb4.16&#8243; custom_padding=\u00bb|||\u00bb global_colors_info=\u00bb{}\u00bb custom_padding__hover=\u00bb|||\u00bb][et_pb_blurb title=\u00bbCordero\u00bb url=\u00bbhttps:\/\/aittola-zar.com\/es\/carta\/cordero\/\u00bb image=\u00bbhttps:\/\/aittola-zar.com\/wp-content\/uploads\/2019\/09\/Aitola-Zar_ArkumeaBurruntzian.jpg\u00bb module_class=\u00bbblurb_click\u00bb _builder_version=\u00bb4.16&#8243; header_level=\u00bbh3&#8243; header_font=\u00bbCormorant Garamond||||||||\u00bb header_font_size=\u00bb24px\u00bb body_font=\u00bbMontserrat|500|||||||\u00bb body_font_size=\u00bb13px\u00bb body_line_height=\u00bb1.8em\u00bb text_orientation=\u00bbcenter\u00bb custom_padding=\u00bb10px|10px|10px|10px|true|true\u00bb animation_style=\u00bbfade\u00bb border_width_all=\u00bb1px\u00bb border_color_all=\u00bb#857566&#8243; global_colors_info=\u00bb{}\u00bb transform_styles__hover_enabled=\u00bbon\u00bb transform_scale__hover_enabled=\u00bbon\u00bb transform_translate__hover_enabled=\u00bbon\u00bb transform_rotate__hover_enabled=\u00bbon\u00bb transform_skew__hover_enabled=\u00bbon\u00bb transform_origin__hover_enabled=\u00bbon\u00bb transform_scale__hover=\u00bb90%|90%\u00bb]<\/p>\n<p><a href=\"https:\/\/aittola-zar.com\/es\/carta\/cordero\/\">Al burruntzi<\/a><\/p>\n<p>[\/et_pb_blurb][\/et_pb_column][\/et_pb_row][\/et_pb_section]<\/p>\n","protected":false},"excerpt":{"rendered":"<p>AlubiadaEn nuestro restaurante en Azkoitia, preparamos la alubiada vasca con ingredientes locales de la m\u00e1xima calidad, garantizando un sabor \u00fanico. La Alubiada de Aittola-Zar Nuestra alubiada, elaborada con alubias de calidad y acompa\u00f1ada de los tradicionales \u00absacramentos\u00bb (chorizo, morcilla, costilla y tocino), es el reflejo de la tradici\u00f3n vasca. Usamos productos locales para asegurar frescura [&hellip;]<\/p>\n","protected":false},"author":1,"featured_media":0,"parent":1480,"menu_order":0,"comment_status":"closed","ping_status":"closed","template":"","meta":{"_et_pb_use_builder":"on","_et_pb_old_content":"","_et_gb_content_width":"","footnotes":""},"class_list":["post-1503","page","type-page","status-publish","hentry"],"yoast_head":"<!-- This site is optimized with the Yoast SEO plugin v26.1.1 - https:\/\/yoast.com\/wordpress\/plugins\/seo\/ -->\n<title>Alubiada vasca con sacramentos | Azkoitia | Gipuzkoa | Aittola-Zar<\/title>\n<meta name=\"description\" content=\"Disfruta de la aut\u00e9ntica alubiada en Aittola-Zar, Azkoitia. Preparada con ingredientes locales y acompa\u00f1ada de sus sacramentos. Reserva tu mesa y vive la tradici\u00f3n gastron\u00f3mica vasca.\" \/>\n<meta name=\"robots\" content=\"index, follow, max-snippet:-1, max-image-preview:large, max-video-preview:-1\" \/>\n<link rel=\"canonical\" href=\"https:\/\/aittola-zar.com\/es\/carta\/alubiada\/\" \/>\n<meta property=\"og:locale\" content=\"es_ES\" \/>\n<meta property=\"og:type\" content=\"article\" \/>\n<meta property=\"og:title\" content=\"Alubiada vasca con sacramentos | Azkoitia | Gipuzkoa | Aittola-Zar\" \/>\n<meta property=\"og:description\" content=\"Disfruta de la aut\u00e9ntica alubiada en Aittola-Zar, Azkoitia. Preparada con ingredientes locales y acompa\u00f1ada de sus sacramentos. Reserva tu mesa y vive la tradici\u00f3n gastron\u00f3mica vasca.\" \/>\n<meta property=\"og:url\" content=\"https:\/\/aittola-zar.com\/es\/carta\/alubiada\/\" \/>\n<meta property=\"og:site_name\" content=\"Restaurante Aittola-Zar Jatetxea\" \/>\n<meta property=\"article:modified_time\" content=\"2024-11-18T14:09:16+00:00\" \/>\n<meta name=\"twitter:card\" content=\"summary_large_image\" \/>\n<meta name=\"twitter:label1\" content=\"Tiempo de lectura\" \/>\n\t<meta name=\"twitter:data1\" content=\"2 minutos\" \/>\n<script type=\"application\/ld+json\" class=\"yoast-schema-graph\">{\"@context\":\"https:\/\/schema.org\",\"@graph\":[{\"@type\":\"WebPage\",\"@id\":\"https:\/\/aittola-zar.com\/es\/carta\/alubiada\/\",\"url\":\"https:\/\/aittola-zar.com\/es\/carta\/alubiada\/\",\"name\":\"Alubiada vasca con sacramentos | Azkoitia | Gipuzkoa | Aittola-Zar\",\"isPartOf\":{\"@id\":\"https:\/\/aittola-zar.com\/es\/#website\"},\"datePublished\":\"2019-10-02T15:33:07+00:00\",\"dateModified\":\"2024-11-18T14:09:16+00:00\",\"description\":\"Disfruta de la aut\u00e9ntica alubiada en Aittola-Zar, Azkoitia. Preparada con ingredientes locales y acompa\u00f1ada de sus sacramentos. Reserva tu mesa y vive la tradici\u00f3n gastron\u00f3mica vasca.\",\"breadcrumb\":{\"@id\":\"https:\/\/aittola-zar.com\/es\/carta\/alubiada\/#breadcrumb\"},\"inLanguage\":\"es\",\"potentialAction\":[{\"@type\":\"ReadAction\",\"target\":[\"https:\/\/aittola-zar.com\/es\/carta\/alubiada\/\"]}]},{\"@type\":\"BreadcrumbList\",\"@id\":\"https:\/\/aittola-zar.com\/es\/carta\/alubiada\/#breadcrumb\",\"itemListElement\":[{\"@type\":\"ListItem\",\"position\":1,\"name\":\"Home\",\"item\":\"https:\/\/aittola-zar.com\/es\/\"},{\"@type\":\"ListItem\",\"position\":2,\"name\":\"Carta\",\"item\":\"https:\/\/aittola-zar.com\/es\/carta\/\"},{\"@type\":\"ListItem\",\"position\":3,\"name\":\"Alubiada\"}]},{\"@type\":\"WebSite\",\"@id\":\"https:\/\/aittola-zar.com\/es\/#website\",\"url\":\"https:\/\/aittola-zar.com\/es\/\",\"name\":\"Restaurante Aittola-Zar Jatetxea\",\"description\":\"Aittola-Zar\",\"potentialAction\":[{\"@type\":\"SearchAction\",\"target\":{\"@type\":\"EntryPoint\",\"urlTemplate\":\"https:\/\/aittola-zar.com\/es\/?s={search_term_string}\"},\"query-input\":{\"@type\":\"PropertyValueSpecification\",\"valueRequired\":true,\"valueName\":\"search_term_string\"}}],\"inLanguage\":\"es\"}]}<\/script>\n<!-- \/ Yoast SEO plugin. -->","yoast_head_json":{"title":"Alubiada vasca con sacramentos | Azkoitia | Gipuzkoa | Aittola-Zar","description":"Disfruta de la aut\u00e9ntica alubiada en Aittola-Zar, Azkoitia. Preparada con ingredientes locales y acompa\u00f1ada de sus sacramentos. Reserva tu mesa y vive la tradici\u00f3n gastron\u00f3mica vasca.","robots":{"index":"index","follow":"follow","max-snippet":"max-snippet:-1","max-image-preview":"max-image-preview:large","max-video-preview":"max-video-preview:-1"},"canonical":"https:\/\/aittola-zar.com\/es\/carta\/alubiada\/","og_locale":"es_ES","og_type":"article","og_title":"Alubiada vasca con sacramentos | Azkoitia | Gipuzkoa | Aittola-Zar","og_description":"Disfruta de la aut\u00e9ntica alubiada en Aittola-Zar, Azkoitia. Preparada con ingredientes locales y acompa\u00f1ada de sus sacramentos. Reserva tu mesa y vive la tradici\u00f3n gastron\u00f3mica vasca.","og_url":"https:\/\/aittola-zar.com\/es\/carta\/alubiada\/","og_site_name":"Restaurante Aittola-Zar Jatetxea","article_modified_time":"2024-11-18T14:09:16+00:00","twitter_card":"summary_large_image","twitter_misc":{"Tiempo de lectura":"2 minutos"},"schema":{"@context":"https:\/\/schema.org","@graph":[{"@type":"WebPage","@id":"https:\/\/aittola-zar.com\/es\/carta\/alubiada\/","url":"https:\/\/aittola-zar.com\/es\/carta\/alubiada\/","name":"Alubiada vasca con sacramentos | Azkoitia | Gipuzkoa | Aittola-Zar","isPartOf":{"@id":"https:\/\/aittola-zar.com\/es\/#website"},"datePublished":"2019-10-02T15:33:07+00:00","dateModified":"2024-11-18T14:09:16+00:00","description":"Disfruta de la aut\u00e9ntica alubiada en Aittola-Zar, Azkoitia. Preparada con ingredientes locales y acompa\u00f1ada de sus sacramentos. Reserva tu mesa y vive la tradici\u00f3n gastron\u00f3mica vasca.","breadcrumb":{"@id":"https:\/\/aittola-zar.com\/es\/carta\/alubiada\/#breadcrumb"},"inLanguage":"es","potentialAction":[{"@type":"ReadAction","target":["https:\/\/aittola-zar.com\/es\/carta\/alubiada\/"]}]},{"@type":"BreadcrumbList","@id":"https:\/\/aittola-zar.com\/es\/carta\/alubiada\/#breadcrumb","itemListElement":[{"@type":"ListItem","position":1,"name":"Home","item":"https:\/\/aittola-zar.com\/es\/"},{"@type":"ListItem","position":2,"name":"Carta","item":"https:\/\/aittola-zar.com\/es\/carta\/"},{"@type":"ListItem","position":3,"name":"Alubiada"}]},{"@type":"WebSite","@id":"https:\/\/aittola-zar.com\/es\/#website","url":"https:\/\/aittola-zar.com\/es\/","name":"Restaurante Aittola-Zar Jatetxea","description":"Aittola-Zar","potentialAction":[{"@type":"SearchAction","target":{"@type":"EntryPoint","urlTemplate":"https:\/\/aittola-zar.com\/es\/?s={search_term_string}"},"query-input":{"@type":"PropertyValueSpecification","valueRequired":true,"valueName":"search_term_string"}}],"inLanguage":"es"}]}},"_links":{"self":[{"href":"https:\/\/aittola-zar.com\/es\/wp-json\/wp\/v2\/pages\/1503","targetHints":{"allow":["GET"]}}],"collection":[{"href":"https:\/\/aittola-zar.com\/es\/wp-json\/wp\/v2\/pages"}],"about":[{"href":"https:\/\/aittola-zar.com\/es\/wp-json\/wp\/v2\/types\/page"}],"author":[{"embeddable":true,"href":"https:\/\/aittola-zar.com\/es\/wp-json\/wp\/v2\/users\/1"}],"replies":[{"embeddable":true,"href":"https:\/\/aittola-zar.com\/es\/wp-json\/wp\/v2\/comments?post=1503"}],"version-history":[{"count":9,"href":"https:\/\/aittola-zar.com\/es\/wp-json\/wp\/v2\/pages\/1503\/revisions"}],"predecessor-version":[{"id":2684,"href":"https:\/\/aittola-zar.com\/es\/wp-json\/wp\/v2\/pages\/1503\/revisions\/2684"}],"up":[{"embeddable":true,"href":"https:\/\/aittola-zar.com\/es\/wp-json\/wp\/v2\/pages\/1480"}],"wp:attachment":[{"href":"https:\/\/aittola-zar.com\/es\/wp-json\/wp\/v2\/media?parent=1503"}],"curies":[{"name":"wp","href":"https:\/\/api.w.org\/{rel}","templated":true}]}}