{"id":1515,"date":"2019-10-02T17:43:37","date_gmt":"2019-10-02T15:43:37","guid":{"rendered":"https:\/\/aittola-zar.com\/carta\/croquetas\/"},"modified":"2024-11-18T15:30:51","modified_gmt":"2024-11-18T14:30:51","slug":"croquetas","status":"publish","type":"page","link":"https:\/\/aittola-zar.com\/es\/carta\/croquetas\/","title":{"rendered":"Croquetas"},"content":{"rendered":"<p>[et_pb_section fb_built=\u00bb1&#8243; _builder_version=\u00bb4.16&#8243; background_color=\u00bb#ebebe3&#8243; custom_margin=\u00bb||\u00bb custom_padding=\u00bb||\u00bb global_colors_info=\u00bb{}\u00bb][et_pb_row _builder_version=\u00bb4.16&#8243; global_colors_info=\u00bb{}\u00bb][et_pb_column type=\u00bb4_4&#8243; _builder_version=\u00bb4.16&#8243; custom_padding=\u00bb|||\u00bb global_colors_info=\u00bb{}\u00bb custom_padding__hover=\u00bb|||\u00bb][et_pb_text admin_label=\u00bbTitle\u00bb module_class=\u00bbaittola-zar \u00bb _builder_version=\u00bb4.16&#8243; text_font=\u00bb||||||||\u00bb header_font=\u00bb||||||||\u00bb header_2_font=\u00bbCormorant Garamond|500|||||||\u00bb header_2_text_color=\u00bb#1e1e1e\u00bb header_2_font_size=\u00bb36px\u00bb text_orientation=\u00bbcenter\u00bb custom_margin=\u00bb||15px|\u00bb animation_style=\u00bbfade\u00bb global_colors_info=\u00bb{}\u00bb]<\/p>\n<h2>Croquetas<\/h2>\n<p>[\/et_pb_text][\/et_pb_column][\/et_pb_row][et_pb_row column_structure=\u00bb3_5,2_5&#8243; module_class=\u00bbplaterrak\u00bb _builder_version=\u00bb4.16&#8243; custom_margin=\u00bb||0px\u00bb custom_padding=\u00bb||0px\u00bb global_colors_info=\u00bb{}\u00bb][et_pb_column type=\u00bb3_5&#8243; _builder_version=\u00bb4.16&#8243; custom_padding=\u00bb|||\u00bb global_colors_info=\u00bb{}\u00bb custom_padding__hover=\u00bb|||\u00bb][et_pb_gallery gallery_ids=\u00bb1725,1729,1727&#8243; fullwidth=\u00bbon\u00bb _builder_version=\u00bb4.16&#8243; custom_padding=\u00bb|||\u00bb auto=\u00bbon\u00bb auto_speed=\u00bb5000&#8243; border_width_all=\u00bb1px\u00bb border_color_all=\u00bb#e0b70d\u00bb global_colors_info=\u00bb{}\u00bb][\/et_pb_gallery][\/et_pb_column][et_pb_column type=\u00bb2_5&#8243; _builder_version=\u00bb4.16&#8243; custom_padding=\u00bb|||\u00bb global_colors_info=\u00bb{}\u00bb custom_padding__hover=\u00bb|||\u00bb][et_pb_divider show_divider=\u00bboff\u00bb _builder_version=\u00bb4.16&#8243; global_colors_info=\u00bb{}\u00bb][\/et_pb_divider][et_pb_text _builder_version=\u00bb4.27.3&#8243; hover_enabled=\u00bb0&#8243; global_colors_info=\u00bb{}\u00bb sticky_enabled=\u00bb0&#8243;]<\/p>\n<p data-pm-slice=\"1 1 []\"><strong>Croquetas Caseras en Aittola-Zar.<\/strong><\/p>\n<p>Para comenzar, qu\u00e9 mejor que nuestras croquetas. Las croquetas caseras de Aittola-Zar est\u00e1n hechas con leche de caser\u00edo y una fin\u00edsima besamel, elaboradas artesanalmente para garantizar un sabor cremoso y una textura perfecta. Ven y disfruta de nuestras croquetas caseras en Azkoitia (Gipuzkoa).<\/p>\n<p><strong>Reserva tu mesa y prueba el aut\u00e9ntico sabor de nuestras croquetas caseras con leche de caser\u00edo. <a href=\"https:\/\/aittola-zar.com\/es\/contacto\/\">Cont\u00e1ctanos<\/a>.<\/strong><\/p>\n<p>&nbsp;<\/p>\n<p>[\/et_pb_text][\/et_pb_column][\/et_pb_row][\/et_pb_section][et_pb_section fb_built=\u00bb1&#8243; admin_label=\u00bbBereizten gaituena\u00bb _builder_version=\u00bb4.16&#8243; background_image=\u00bbhttps:\/\/aittola-zar.com\/wp-content\/uploads\/2019\/07\/Aittola-Zar-Fondoa1920x442.png\u00bb background_size=\u00bbcontain\u00bb custom_margin=\u00bb0px||\u00bb custom_padding=\u00bb20px||90px|\u00bb global_colors_info=\u00bb{}\u00bb][et_pb_row module_class=\u00bbaittola-zar \u00bb _builder_version=\u00bb4.16&#8243; custom_margin=\u00bb|||\u00bb global_colors_info=\u00bb{}\u00bb][et_pb_column type=\u00bb4_4&#8243; _builder_version=\u00bb4.16&#8243; custom_padding=\u00bb|||\u00bb global_colors_info=\u00bb{}\u00bb custom_padding__hover=\u00bb|||\u00bb][et_pb_text admin_label=\u00bbTitle\u00bb _builder_version=\u00bb4.16&#8243; text_font=\u00bb||||||||\u00bb header_font=\u00bb||||||||\u00bb header_2_font=\u00bbCormorant Garamond|500|||||||\u00bb header_2_text_color=\u00bb#1e1e1e\u00bb header_2_font_size=\u00bb36px\u00bb text_orientation=\u00bbcenter\u00bb custom_margin=\u00bb||15px|\u00bb animation_style=\u00bbfade\u00bb global_colors_info=\u00bb{}\u00bb]<\/p>\n<h2>Lo que nos distingue<\/h2>\n<p>[\/et_pb_text][et_pb_divider color=\u00bb#cccccc\u00bb divider_weight=\u00bb2px\u00bb _builder_version=\u00bb4.16&#8243; max_width=\u00bb80px\u00bb max_width_tablet=\u00bb100px\u00bb max_width_phone=\u00bb100px\u00bb max_width_last_edited=\u00bboff|desktop\u00bb module_alignment=\u00bbcenter\u00bb animation_style=\u00bbfade\u00bb global_colors_info=\u00bb{}\u00bb][\/et_pb_divider][\/et_pb_column][\/et_pb_row][et_pb_row column_structure=\u00bb1_3,1_3,1_3&#8243; make_equal=\u00bbon\u00bb module_class=\u00bbaittola-zar\u00bb _builder_version=\u00bb4.16&#8243; width=\u00bb90%\u00bb max_width=\u00bb1200px\u00bb global_colors_info=\u00bb{}\u00bb][et_pb_column type=\u00bb1_3&#8243; _builder_version=\u00bb4.16&#8243; custom_padding=\u00bb|||\u00bb global_colors_info=\u00bb{}\u00bb custom_padding__hover=\u00bb|||\u00bb][et_pb_blurb title=\u00bbAlubiada\u00bb url=\u00bbhttps:\/\/aittola-zar.com\/es\/carta\/alubiada\/\u00bb image=\u00bbhttps:\/\/aittola-zar.com\/wp-content\/uploads\/2019\/07\/Aitola-Zar_Babajana.jpg\u00bb module_class=\u00bbblurb_click\u00bb _builder_version=\u00bb4.16&#8243; header_level=\u00bbh3&#8243; header_font=\u00bbCormorant Garamond||||||||\u00bb header_font_size=\u00bb24px\u00bb body_font=\u00bbMontserrat|500|||||||\u00bb body_font_size=\u00bb13px\u00bb body_line_height=\u00bb1.8em\u00bb text_orientation=\u00bbcenter\u00bb custom_padding=\u00bb10px|10px|10px|10px|true|true\u00bb animation_style=\u00bbfade\u00bb border_width_all=\u00bb1px\u00bb border_color_all=\u00bb#857566&#8243; global_colors_info=\u00bb{}\u00bb transform_styles__hover_enabled=\u00bbon\u00bb transform_scale__hover_enabled=\u00bbon\u00bb transform_translate__hover_enabled=\u00bbon\u00bb transform_rotate__hover_enabled=\u00bbon\u00bb transform_skew__hover_enabled=\u00bbon\u00bb transform_origin__hover_enabled=\u00bbon\u00bb transform_scale__hover=\u00bb90%|90%\u00bb]<\/p>\n<p><a href=\"https:\/\/aittola-zar.com\/es\/carta\/alubiada\/\">Menudos sacramentos<\/a><\/p>\n<p>[\/et_pb_blurb][\/et_pb_column][et_pb_column type=\u00bb1_3&#8243; _builder_version=\u00bb4.16&#8243; custom_padding=\u00bb|||\u00bb global_colors_info=\u00bb{}\u00bb custom_padding__hover=\u00bb|||\u00bb][et_pb_blurb title=\u00bbCarne de casa\u00bb url=\u00bbhttps:\/\/aittola-zar.com\/es\/carta\/carnes\/\u00bb image=\u00bbhttps:\/\/aittola-zar.com\/wp-content\/uploads\/2019\/09\/Aitola-Zar_EtxekoHaragia.jpg\u00bb module_class=\u00bbblurb_click\u00bb _builder_version=\u00bb4.16&#8243; header_level=\u00bbh3&#8243; header_font=\u00bbCormorant Garamond||||||||\u00bb header_font_size=\u00bb24px\u00bb body_font=\u00bbMontserrat|500|||||||\u00bb body_font_size=\u00bb13px\u00bb body_line_height=\u00bb1.8em\u00bb text_orientation=\u00bbcenter\u00bb custom_padding=\u00bb10px|10px|10px|10px|true|true\u00bb animation_style=\u00bbfade\u00bb border_width_all=\u00bb1px\u00bb border_color_all=\u00bb#857566&#8243; global_colors_info=\u00bb{}\u00bb transform_styles__hover_enabled=\u00bbon\u00bb transform_scale__hover_enabled=\u00bbon\u00bb transform_translate__hover_enabled=\u00bbon\u00bb transform_rotate__hover_enabled=\u00bbon\u00bb transform_skew__hover_enabled=\u00bbon\u00bb transform_origin__hover_enabled=\u00bbon\u00bb transform_scale__hover=\u00bb90%|90%\u00bb]<\/p>\n<p><a href=\"https:\/\/aittola-zar.com\/es\/carta\/carnes\/\">Nuestros animales<\/a><\/p>\n<p>[\/et_pb_blurb][\/et_pb_column][et_pb_column type=\u00bb1_3&#8243; _builder_version=\u00bb4.16&#8243; custom_padding=\u00bb|||\u00bb global_colors_info=\u00bb{}\u00bb custom_padding__hover=\u00bb|||\u00bb][et_pb_blurb title=\u00bbCordero\u00bb url=\u00bbhttps:\/\/aittola-zar.com\/es\/carta\/cordero\/\u00bb image=\u00bbhttps:\/\/aittola-zar.com\/wp-content\/uploads\/2019\/09\/Aitola-Zar_ArkumeaBurruntzian.jpg\u00bb module_class=\u00bbblurb_click\u00bb _builder_version=\u00bb4.16&#8243; header_level=\u00bbh3&#8243; header_font=\u00bbCormorant Garamond||||||||\u00bb header_font_size=\u00bb24px\u00bb body_font=\u00bbMontserrat|500|||||||\u00bb body_font_size=\u00bb13px\u00bb body_line_height=\u00bb1.8em\u00bb text_orientation=\u00bbcenter\u00bb custom_padding=\u00bb10px|10px|10px|10px|true|true\u00bb animation_style=\u00bbfade\u00bb border_width_all=\u00bb1px\u00bb border_color_all=\u00bb#857566&#8243; global_colors_info=\u00bb{}\u00bb transform_styles__hover_enabled=\u00bbon\u00bb transform_scale__hover_enabled=\u00bbon\u00bb transform_translate__hover_enabled=\u00bbon\u00bb transform_rotate__hover_enabled=\u00bbon\u00bb transform_skew__hover_enabled=\u00bbon\u00bb transform_origin__hover_enabled=\u00bbon\u00bb transform_scale__hover=\u00bb90%|90%\u00bb]<\/p>\n<p><a href=\"https:\/\/aittola-zar.com\/es\/carta\/cordero\/\">Al burruntzi<\/a><\/p>\n<p>[\/et_pb_blurb][\/et_pb_column][\/et_pb_row][\/et_pb_section]<\/p>\n","protected":false},"excerpt":{"rendered":"<p>CroquetasCroquetas Caseras en Aittola-Zar. Para comenzar, qu\u00e9 mejor que nuestras croquetas. Las croquetas caseras de Aittola-Zar est\u00e1n hechas con leche de caser\u00edo y una fin\u00edsima besamel, elaboradas artesanalmente para garantizar un sabor cremoso y una textura perfecta. Ven y disfruta de nuestras croquetas caseras en Azkoitia (Gipuzkoa). Reserva tu mesa y prueba el aut\u00e9ntico sabor [&hellip;]<\/p>\n","protected":false},"author":1,"featured_media":0,"parent":1480,"menu_order":0,"comment_status":"closed","ping_status":"closed","template":"","meta":{"_et_pb_use_builder":"on","_et_pb_old_content":"","_et_gb_content_width":"","footnotes":""},"class_list":["post-1515","page","type-page","status-publish","hentry"],"yoast_head":"<!-- This site is optimized with the Yoast SEO plugin v26.1.1 - https:\/\/yoast.com\/wordpress\/plugins\/seo\/ -->\n<title>Croquetas caseras con leche de caser\u00edo | Azkoitia | Gipuzkoa | Aittola-Zar<\/title>\n<meta name=\"description\" content=\"Descubre las croquetas caseras de Aittola-Zar, elaboradas con leche de caser\u00edo y una fin\u00edsima besamel. Disfruta de un sabor aut\u00e9ntico y cremoso en Azkoitia. Reserva tu mesa ahora.\" \/>\n<meta name=\"robots\" content=\"index, follow, max-snippet:-1, max-image-preview:large, max-video-preview:-1\" \/>\n<link rel=\"canonical\" href=\"https:\/\/aittola-zar.com\/es\/carta\/croquetas\/\" \/>\n<meta property=\"og:locale\" content=\"es_ES\" \/>\n<meta property=\"og:type\" content=\"article\" \/>\n<meta property=\"og:title\" content=\"Croquetas caseras con leche de caser\u00edo | Azkoitia | Gipuzkoa | Aittola-Zar\" \/>\n<meta property=\"og:description\" content=\"Descubre las croquetas caseras de Aittola-Zar, elaboradas con leche de caser\u00edo y una fin\u00edsima besamel. Disfruta de un sabor aut\u00e9ntico y cremoso en Azkoitia. Reserva tu mesa ahora.\" \/>\n<meta property=\"og:url\" content=\"https:\/\/aittola-zar.com\/es\/carta\/croquetas\/\" \/>\n<meta property=\"og:site_name\" content=\"Restaurante Aittola-Zar Jatetxea\" \/>\n<meta property=\"article:modified_time\" content=\"2024-11-18T14:30:51+00:00\" \/>\n<meta name=\"twitter:card\" content=\"summary_large_image\" \/>\n<meta name=\"twitter:label1\" content=\"Tiempo de lectura\" \/>\n\t<meta name=\"twitter:data1\" content=\"2 minutos\" \/>\n<script type=\"application\/ld+json\" class=\"yoast-schema-graph\">{\"@context\":\"https:\/\/schema.org\",\"@graph\":[{\"@type\":\"WebPage\",\"@id\":\"https:\/\/aittola-zar.com\/es\/carta\/croquetas\/\",\"url\":\"https:\/\/aittola-zar.com\/es\/carta\/croquetas\/\",\"name\":\"Croquetas caseras con leche de caser\u00edo | Azkoitia | Gipuzkoa | Aittola-Zar\",\"isPartOf\":{\"@id\":\"https:\/\/aittola-zar.com\/es\/#website\"},\"datePublished\":\"2019-10-02T15:43:37+00:00\",\"dateModified\":\"2024-11-18T14:30:51+00:00\",\"description\":\"Descubre las croquetas caseras de Aittola-Zar, elaboradas con leche de caser\u00edo y una fin\u00edsima besamel. Disfruta de un sabor aut\u00e9ntico y cremoso en Azkoitia. Reserva tu mesa ahora.\",\"breadcrumb\":{\"@id\":\"https:\/\/aittola-zar.com\/es\/carta\/croquetas\/#breadcrumb\"},\"inLanguage\":\"es\",\"potentialAction\":[{\"@type\":\"ReadAction\",\"target\":[\"https:\/\/aittola-zar.com\/es\/carta\/croquetas\/\"]}]},{\"@type\":\"BreadcrumbList\",\"@id\":\"https:\/\/aittola-zar.com\/es\/carta\/croquetas\/#breadcrumb\",\"itemListElement\":[{\"@type\":\"ListItem\",\"position\":1,\"name\":\"Home\",\"item\":\"https:\/\/aittola-zar.com\/es\/\"},{\"@type\":\"ListItem\",\"position\":2,\"name\":\"Carta\",\"item\":\"https:\/\/aittola-zar.com\/es\/carta\/\"},{\"@type\":\"ListItem\",\"position\":3,\"name\":\"Croquetas\"}]},{\"@type\":\"WebSite\",\"@id\":\"https:\/\/aittola-zar.com\/es\/#website\",\"url\":\"https:\/\/aittola-zar.com\/es\/\",\"name\":\"Restaurante Aittola-Zar Jatetxea\",\"description\":\"Aittola-Zar\",\"potentialAction\":[{\"@type\":\"SearchAction\",\"target\":{\"@type\":\"EntryPoint\",\"urlTemplate\":\"https:\/\/aittola-zar.com\/es\/?s={search_term_string}\"},\"query-input\":{\"@type\":\"PropertyValueSpecification\",\"valueRequired\":true,\"valueName\":\"search_term_string\"}}],\"inLanguage\":\"es\"}]}<\/script>\n<!-- \/ Yoast SEO plugin. -->","yoast_head_json":{"title":"Croquetas caseras con leche de caser\u00edo | Azkoitia | Gipuzkoa | Aittola-Zar","description":"Descubre las croquetas caseras de Aittola-Zar, elaboradas con leche de caser\u00edo y una fin\u00edsima besamel. Disfruta de un sabor aut\u00e9ntico y cremoso en Azkoitia. Reserva tu mesa ahora.","robots":{"index":"index","follow":"follow","max-snippet":"max-snippet:-1","max-image-preview":"max-image-preview:large","max-video-preview":"max-video-preview:-1"},"canonical":"https:\/\/aittola-zar.com\/es\/carta\/croquetas\/","og_locale":"es_ES","og_type":"article","og_title":"Croquetas caseras con leche de caser\u00edo | Azkoitia | Gipuzkoa | Aittola-Zar","og_description":"Descubre las croquetas caseras de Aittola-Zar, elaboradas con leche de caser\u00edo y una fin\u00edsima besamel. Disfruta de un sabor aut\u00e9ntico y cremoso en Azkoitia. Reserva tu mesa ahora.","og_url":"https:\/\/aittola-zar.com\/es\/carta\/croquetas\/","og_site_name":"Restaurante Aittola-Zar Jatetxea","article_modified_time":"2024-11-18T14:30:51+00:00","twitter_card":"summary_large_image","twitter_misc":{"Tiempo de lectura":"2 minutos"},"schema":{"@context":"https:\/\/schema.org","@graph":[{"@type":"WebPage","@id":"https:\/\/aittola-zar.com\/es\/carta\/croquetas\/","url":"https:\/\/aittola-zar.com\/es\/carta\/croquetas\/","name":"Croquetas caseras con leche de caser\u00edo | Azkoitia | Gipuzkoa | Aittola-Zar","isPartOf":{"@id":"https:\/\/aittola-zar.com\/es\/#website"},"datePublished":"2019-10-02T15:43:37+00:00","dateModified":"2024-11-18T14:30:51+00:00","description":"Descubre las croquetas caseras de Aittola-Zar, elaboradas con leche de caser\u00edo y una fin\u00edsima besamel. Disfruta de un sabor aut\u00e9ntico y cremoso en Azkoitia. Reserva tu mesa ahora.","breadcrumb":{"@id":"https:\/\/aittola-zar.com\/es\/carta\/croquetas\/#breadcrumb"},"inLanguage":"es","potentialAction":[{"@type":"ReadAction","target":["https:\/\/aittola-zar.com\/es\/carta\/croquetas\/"]}]},{"@type":"BreadcrumbList","@id":"https:\/\/aittola-zar.com\/es\/carta\/croquetas\/#breadcrumb","itemListElement":[{"@type":"ListItem","position":1,"name":"Home","item":"https:\/\/aittola-zar.com\/es\/"},{"@type":"ListItem","position":2,"name":"Carta","item":"https:\/\/aittola-zar.com\/es\/carta\/"},{"@type":"ListItem","position":3,"name":"Croquetas"}]},{"@type":"WebSite","@id":"https:\/\/aittola-zar.com\/es\/#website","url":"https:\/\/aittola-zar.com\/es\/","name":"Restaurante Aittola-Zar Jatetxea","description":"Aittola-Zar","potentialAction":[{"@type":"SearchAction","target":{"@type":"EntryPoint","urlTemplate":"https:\/\/aittola-zar.com\/es\/?s={search_term_string}"},"query-input":{"@type":"PropertyValueSpecification","valueRequired":true,"valueName":"search_term_string"}}],"inLanguage":"es"}]}},"_links":{"self":[{"href":"https:\/\/aittola-zar.com\/es\/wp-json\/wp\/v2\/pages\/1515","targetHints":{"allow":["GET"]}}],"collection":[{"href":"https:\/\/aittola-zar.com\/es\/wp-json\/wp\/v2\/pages"}],"about":[{"href":"https:\/\/aittola-zar.com\/es\/wp-json\/wp\/v2\/types\/page"}],"author":[{"embeddable":true,"href":"https:\/\/aittola-zar.com\/es\/wp-json\/wp\/v2\/users\/1"}],"replies":[{"embeddable":true,"href":"https:\/\/aittola-zar.com\/es\/wp-json\/wp\/v2\/comments?post=1515"}],"version-history":[{"count":7,"href":"https:\/\/aittola-zar.com\/es\/wp-json\/wp\/v2\/pages\/1515\/revisions"}],"predecessor-version":[{"id":2686,"href":"https:\/\/aittola-zar.com\/es\/wp-json\/wp\/v2\/pages\/1515\/revisions\/2686"}],"up":[{"embeddable":true,"href":"https:\/\/aittola-zar.com\/es\/wp-json\/wp\/v2\/pages\/1480"}],"wp:attachment":[{"href":"https:\/\/aittola-zar.com\/es\/wp-json\/wp\/v2\/media?parent=1515"}],"curies":[{"name":"wp","href":"https:\/\/api.w.org\/{rel}","templated":true}]}}