{"id":1518,"date":"2019-10-02T17:49:34","date_gmt":"2019-10-02T15:49:34","guid":{"rendered":"https:\/\/aittola-zar.com\/contacto\/"},"modified":"2024-11-12T16:25:12","modified_gmt":"2024-11-12T15:25:12","slug":"contacto","status":"publish","type":"page","link":"https:\/\/aittola-zar.com\/es\/contacto\/","title":{"rendered":"Contacto"},"content":{"rendered":"<p>[et_pb_section fb_built=\u00bb1&#8243; custom_padding_last_edited=\u00bbon|phone\u00bb admin_label=\u00bbBereizten gaituena\u00bb _builder_version=\u00bb4.16&#8243; background_color=\u00bb#ebebe3&#8243; background_image=\u00bbhttps:\/\/aittola-zar.com\/wp-content\/uploads\/2019\/07\/Aittola-Zar-Fondoa1920x442.png\u00bb background_size=\u00bbcontain\u00bb custom_padding=\u00bb90px||90px|\u00bb custom_padding_tablet=\u00bb\u00bb custom_padding_phone=\u00bb10px||10px\u00bb border_color_all=\u00bbrgba(51,51,51,0.2)\u00bb border_width_bottom=\u00bb1px\u00bb border_color_bottom=\u00bbrgba(72,72,71,0.3)\u00bb global_colors_info=\u00bb{}\u00bb][et_pb_row _builder_version=\u00bb4.16&#8243; custom_margin=\u00bb|||\u00bb locked=\u00bboff\u00bb global_colors_info=\u00bb{}\u00bb][et_pb_column type=\u00bb4_4&#8243; _builder_version=\u00bb4.16&#8243; custom_padding=\u00bb|||\u00bb global_colors_info=\u00bb{}\u00bb custom_padding__hover=\u00bb|||\u00bb][et_pb_text admin_label=\u00bbTitle\u00bb _builder_version=\u00bb4.27.3&#8243; text_font=\u00bb||||||||\u00bb header_font=\u00bbCormorant Garamond|500|||||||\u00bb header_text_align=\u00bbcenter\u00bb header_text_color=\u00bb#a2906d\u00bb header_font_size=\u00bb3rem\u00bb header_line_height=\u00bb3rem\u00bb header_2_font=\u00bbCormorant Garamond|500|||||||\u00bb header_2_text_color=\u00bb#1e1e1e\u00bb header_2_font_size=\u00bb3rem\u00bb header_2_line_height=\u00bb3rem\u00bb text_orientation=\u00bbcenter\u00bb custom_margin=\u00bb||15px|\u00bb animation_style=\u00bbfade\u00bb hover_enabled=\u00bb0&#8243; header_2_font_size_tablet=\u00bb\u00bb header_2_font_size_phone=\u00bb\u00bb header_2_font_size_last_edited=\u00bbon|phone\u00bb header_2_line_height_tablet=\u00bb\u00bb header_2_line_height_phone=\u00bb\u00bb header_2_line_height_last_edited=\u00bbon|phone\u00bb global_colors_info=\u00bb{}\u00bb sticky_enabled=\u00bb0&#8243;]<\/p>\n<h1>Contacto<\/h1>\n<p>[\/et_pb_text][et_pb_divider color=\u00bb#cccccc\u00bb divider_weight=\u00bb2px\u00bb _builder_version=\u00bb4.27.3&#8243; max_width=\u00bb80px\u00bb max_width_tablet=\u00bb100px\u00bb max_width_phone=\u00bb100px\u00bb max_width_last_edited=\u00bboff|desktop\u00bb module_alignment=\u00bbcenter\u00bb animation_style=\u00bbfade\u00bb global_colors_info=\u00bb{}\u00bb][\/et_pb_divider][\/et_pb_column][\/et_pb_row][et_pb_row column_structure=\u00bb1_2,1_2&#8243; _builder_version=\u00bb4.16&#8243; global_colors_info=\u00bb{}\u00bb][et_pb_column type=\u00bb1_2&#8243; _builder_version=\u00bb4.16&#8243; custom_padding=\u00bb|||\u00bb global_colors_info=\u00bb{}\u00bb custom_padding__hover=\u00bb|||\u00bb][et_pb_text module_class=\u00bbmenuak2&#8243; _builder_version=\u00bb4.16&#8243; border_color_all=\u00bbrgba(51,51,51,0.2)\u00bb global_colors_info=\u00bb{}\u00bb]<\/p>\n<div class=\"et_pb_pricing_heading\">\n<h2 class=\"et_pb_pricing_title\" style=\"text-align: center;\">D\u00d3NDE ESTAMOS<\/h2>\n<\/div>\n<p style=\"text-align: center;\">\n<p>[\/et_pb_text][et_pb_text _builder_version=\u00bb4.16&#8243; text_font=\u00bbCormorant||||||||\u00bb text_font_size=\u00bb1.3rem\u00bb global_colors_info=\u00bb{}\u00bb]<\/p>\n<p style=\"text-align: center;\">Aittola-Zar Jatetxea<br \/>Madariaga Auzoa \u00b7 20720 Azkoitia<br \/><span class=\"et-social-whatsapp\"><img decoding=\"async\" src=\"https:\/\/aittola-zar.com\/wp-content\/themes\/aittola-zar\/images\/whatsapp16.png\" alt=\"\" \/>\u00a0\u00a0+34 647 315 668<\/span><\/p>\n<p>[\/et_pb_text][et_pb_divider show_divider=\u00bboff\u00bb _builder_version=\u00bb4.16&#8243; global_colors_info=\u00bb{}\u00bb][\/et_pb_divider][et_pb_text _builder_version=\u00bb4.16&#8243; text_font=\u00bbMontserrat||||||||\u00bb background_color=\u00bbrgba(224,183,13,0.5)\u00bb custom_margin=\u00bb|10%||10%|true|true\u00bb custom_padding=\u00bb10px|10px|10px|10px\u00bb border_color_all=\u00bb#e0b70d\u00bb global_colors_info=\u00bb{}\u00bb]<\/p>\n<p style=\"text-align: center;\"><em>Avisos<\/em><br \/><em>\u00b7 No servimos cenas<\/em><br \/><em>\u00b7 Los lunes y martes son nuestros d\u00edas de descanso<\/em><br \/><em>\u00b7 Septiembre cerramos<\/em><\/p>\n<p>[\/et_pb_text][\/et_pb_column][et_pb_column type=\u00bb1_2&#8243; _builder_version=\u00bb4.16&#8243; custom_padding=\u00bb|||\u00bb global_colors_info=\u00bb{}\u00bb custom_padding__hover=\u00bb|||\u00bb][et_pb_text module_class=\u00bbmenuak2&#8243; _builder_version=\u00bb4.16&#8243; border_width_all=\u00bb1px\u00bb border_color_all=\u00bbrgba(51,51,51,0.2)\u00bb global_colors_info=\u00bb{}\u00bb]<iframe loading=\"lazy\" style=\"border: 0;\" src=\"https:\/\/www.google.com\/maps\/embed?pb=!1m18!1m12!1m3!1d2907.766118224299!2d-2.3096443995294353!3d43.21439464086185!2m3!1f0!2f0!3f0!3m2!1i1024!2i768!4f13.1!3m3!1m2!1s0xd51d3b52c29fc3f%3A0x143be197ec8eb68f!2sAittola-Zar!5e0!3m2!1ses!2ses!4v1568637064751!5m2!1ses!2ses\" width=\"600\" height=\"450\" frameborder=\"0\" allowfullscreen=\"allowfullscreen\"><\/iframe>[\/et_pb_text][\/et_pb_column][\/et_pb_row][et_pb_row _builder_version=\u00bb4.16&#8243; global_colors_info=\u00bb{}\u00bb][et_pb_column type=\u00bb4_4&#8243; _builder_version=\u00bb4.16&#8243; custom_padding=\u00bb|||\u00bb global_colors_info=\u00bb{}\u00bb custom_padding__hover=\u00bb|||\u00bb][et_pb_text module_class=\u00bbmenuak2&#8243; _builder_version=\u00bb4.16&#8243; border_color_all=\u00bbrgba(51,51,51,0.2)\u00bb global_colors_info=\u00bb{}\u00bb]<\/p>\n<div class=\"et_pb_pricing_heading\">\n<h2 class=\"et_pb_pricing_title\" style=\"text-align: center;\">C\u00d3MO LLEGAR<\/h2>\n<\/div>\n<p style=\"text-align: center;\">\n<p>[\/et_pb_text][et_pb_image src=\u00bbhttps:\/\/aittola-zar.com\/wp-content\/uploads\/2019\/09\/Mapa.jpg\u00bb align=\u00bbcenter\u00bb align_tablet=\u00bbcenter\u00bb align_phone=\u00bb\u00bb align_last_edited=\u00bbon|desktop\u00bb _builder_version=\u00bb4.16&#8243; global_colors_info=\u00bb{}\u00bb][\/et_pb_image][\/et_pb_column][\/et_pb_row][et_pb_row column_structure=\u00bb1_3,1_3,1_3&#8243; _builder_version=\u00bb4.16&#8243; global_colors_info=\u00bb{}\u00bb][et_pb_column type=\u00bb1_3&#8243; _builder_version=\u00bb4.16&#8243; custom_padding=\u00bb|||\u00bb global_colors_info=\u00bb{}\u00bb custom_padding__hover=\u00bb|||\u00bb][et_pb_text module_class=\u00bbmenuak3&#8243; _builder_version=\u00bb4.16&#8243; header_font=\u00bb||||||||\u00bb header_3_font=\u00bbCormorant||||||||\u00bb border_color_all=\u00bbrgba(51,51,51,0.2)\u00bb border_width_bottom=\u00bb1px\u00bb border_color_bottom=\u00bb#e0b70d\u00bb global_colors_info=\u00bb{}\u00bb]<\/p>\n<div class=\"et_pb_pricing_heading\">\n<h3 class=\"et_pb_pricing_title\" style=\"text-align: center;\">Desde ELGOIBAR<\/h3>\n<\/div>\n<p style=\"text-align: center;\">\n<p>[\/et_pb_text][et_pb_text _builder_version=\u00bb4.16&#8243; text_font=\u00bb||||||||\u00bb header_font=\u00bb||||||||\u00bb header_3_font=\u00bbCormorant||||||||\u00bb border_color_bottom=\u00bb#e0b70d\u00bb global_colors_info=\u00bb{}\u00bb]<\/p>\n<p style=\"text-align: justify;\">Tomamos direcci\u00f3n a <strong>Azkoitia<\/strong>, una vez pasado el t\u00fanel del alto de Azkarate, nos desviamos a la derecha direcci\u00f3n Barrio Madariaga. Desde el barrio de Madariaga, continuamos unos 4,5 kms por esta carretera GI-3210 . En este tramo dejamos a la izquierda el pozo de Mari Kutz y m\u00e1s adelante el aparcamiento y zona de ocio. Continuamos unos 500 m y ya cogemos el cruce a la derecha, con indicador Aittola-Zar, y tras una peque\u00f1a bajada, se alcanza el destino.<\/p>\n<p>[\/et_pb_text][\/et_pb_column][et_pb_column type=\u00bb1_3&#8243; _builder_version=\u00bb4.16&#8243; custom_padding=\u00bb|||\u00bb global_colors_info=\u00bb{}\u00bb custom_padding__hover=\u00bb|||\u00bb][et_pb_text module_class=\u00bbmenuak3&#8243; _builder_version=\u00bb4.16&#8243; header_font=\u00bb||||||||\u00bb header_3_font=\u00bbCormorant||||||||\u00bb border_color_all=\u00bbrgba(51,51,51,0.2)\u00bb border_width_bottom=\u00bb1px\u00bb border_color_bottom=\u00bb#e0b70d\u00bb global_colors_info=\u00bb{}\u00bb]<\/p>\n<div class=\"et_pb_pricing_heading\">\n<h3 class=\"et_pb_pricing_title\" style=\"text-align: center;\">Desde AZKOITIA<\/h3>\n<\/div>\n<p style=\"text-align: center;\">\n<p>[\/et_pb_text][et_pb_text _builder_version=\u00bb4.16&#8243; global_colors_info=\u00bb{}\u00bb]<\/p>\n<p style=\"text-align: justify;\">En direcci\u00f3n a <strong>Elgoibar<\/strong>, y subiendo hacia el Alto de Azkarate, nos encontramos un desv\u00edo a la derecha direcci\u00f3n Barrio Madariaga. Desde el barrio de Madariaga, continuamos unos 4,5 kms por esta carretera GI-3210 . En este tramo dejamos a la izquierda el pozo de Mari Kutz y m\u00e1s adelante el aparcamiento y zona de ocio. Continuamos unos 500 m y ya cogemos el cruce a la derecha, con indicador Aittola-Zar, y tras una peque\u00f1a bajada, se alcanza el destino.<\/p>\n<p>[\/et_pb_text][\/et_pb_column][et_pb_column type=\u00bb1_3&#8243; _builder_version=\u00bb4.16&#8243; custom_padding=\u00bb|||\u00bb global_colors_info=\u00bb{}\u00bb custom_padding__hover=\u00bb|||\u00bb][et_pb_text module_class=\u00bbmenuak3&#8243; _builder_version=\u00bb4.16&#8243; header_font=\u00bb||||||||\u00bb header_3_font=\u00bbCormorant||||||||\u00bb border_color_all=\u00bbrgba(51,51,51,0.2)\u00bb border_width_bottom=\u00bb1px\u00bb border_color_bottom=\u00bb#e0b70d\u00bb global_colors_info=\u00bb{}\u00bb]<\/p>\n<div class=\"et_pb_pricing_heading\">\n<h3 class=\"et_pb_pricing_title\" style=\"text-align: center;\">Desde ITZIAR<\/h3>\n<\/div>\n<p style=\"text-align: center;\">\n<p>[\/et_pb_text][et_pb_text _builder_version=\u00bb4.16&#8243; global_colors_info=\u00bb{}\u00bb]<\/p>\n<p style=\"text-align: justify;\">Tomamos la carretera que se encuentra al final del pol\u00edgono industrial de Itziar direcci\u00f3n a <strong>Lastur<\/strong>. A unos 4 km, dejamos a la izquierda el cruce a Endoia, y a continuaci\u00f3n a la derecha el cruce de Lastur, nosotros continuaremos carretera arriba, direcci\u00f3n Madariaga. Una vez pasada la zona de canteras, se estrecha la carretera y comenzamos la subida. A unos 5 kms nos encontramos el cruce de Aittola-Zar a la izquierda, tras la bajada, llegamos al destino.<\/p>\n<p>[\/et_pb_text][\/et_pb_column][\/et_pb_row][\/et_pb_section]<\/p>\n","protected":false},"excerpt":{"rendered":"<p>Contacto D\u00d3NDE ESTAMOS Aittola-Zar JatetxeaMadariaga Auzoa \u00b7 20720 Azkoitia\u00a0\u00a0+34 647 315 668Avisos\u00b7 No servimos cenas\u00b7 Los lunes y martes son nuestros d\u00edas de descanso\u00b7 Septiembre cerramos C\u00d3MO LLEGAR Desde ELGOIBAR Tomamos direcci\u00f3n a Azkoitia, una vez pasado el t\u00fanel del alto de Azkarate, nos desviamos a la derecha direcci\u00f3n Barrio Madariaga. Desde el barrio de [&hellip;]<\/p>\n","protected":false},"author":1,"featured_media":0,"parent":0,"menu_order":0,"comment_status":"closed","ping_status":"closed","template":"","meta":{"_et_pb_use_builder":"on","_et_pb_old_content":"","_et_gb_content_width":"","footnotes":""},"class_list":["post-1518","page","type-page","status-publish","hentry"],"yoast_head":"<!-- This site is optimized with the Yoast SEO plugin v26.1.1 - https:\/\/yoast.com\/wordpress\/plugins\/seo\/ -->\n<title>Contacto - Restaurante Aittola-Zar Jatetxea<\/title>\n<meta name=\"description\" content=\"Cont\u00e1ctanos para reservas, consultas sobre men\u00fas o cualquier otra informaci\u00f3n que necesites. Estaremos encantados de atenderte y ayudarte a planear una experiencia memorable en nuestro restaurante.\" \/>\n<meta name=\"robots\" content=\"index, follow, max-snippet:-1, max-image-preview:large, max-video-preview:-1\" \/>\n<link rel=\"canonical\" href=\"https:\/\/aittola-zar.com\/es\/contacto\/\" \/>\n<meta property=\"og:locale\" content=\"es_ES\" \/>\n<meta property=\"og:type\" content=\"article\" \/>\n<meta property=\"og:title\" content=\"Contacto - Restaurante Aittola-Zar Jatetxea\" \/>\n<meta property=\"og:description\" content=\"Cont\u00e1ctanos para reservas, consultas sobre men\u00fas o cualquier otra informaci\u00f3n que necesites. Estaremos encantados de atenderte y ayudarte a planear una experiencia memorable en nuestro restaurante.\" \/>\n<meta property=\"og:url\" content=\"https:\/\/aittola-zar.com\/es\/contacto\/\" \/>\n<meta property=\"og:site_name\" content=\"Restaurante Aittola-Zar Jatetxea\" \/>\n<meta property=\"article:modified_time\" content=\"2024-11-12T15:25:12+00:00\" \/>\n<meta property=\"og:image\" content=\"https:\/\/aittola-zar.com\/wp-content\/themes\/aittola-zar\/images\/whatsapp16.png\" \/>\n<meta name=\"twitter:card\" content=\"summary_large_image\" \/>\n<meta name=\"twitter:label1\" content=\"Tiempo de lectura\" \/>\n\t<meta name=\"twitter:data1\" content=\"2 minutos\" \/>\n<script type=\"application\/ld+json\" class=\"yoast-schema-graph\">{\"@context\":\"https:\/\/schema.org\",\"@graph\":[{\"@type\":\"WebPage\",\"@id\":\"https:\/\/aittola-zar.com\/es\/contacto\/\",\"url\":\"https:\/\/aittola-zar.com\/es\/contacto\/\",\"name\":\"Contacto - Restaurante Aittola-Zar Jatetxea\",\"isPartOf\":{\"@id\":\"https:\/\/aittola-zar.com\/es\/#website\"},\"primaryImageOfPage\":{\"@id\":\"https:\/\/aittola-zar.com\/es\/contacto\/#primaryimage\"},\"image\":{\"@id\":\"https:\/\/aittola-zar.com\/es\/contacto\/#primaryimage\"},\"thumbnailUrl\":\"https:\/\/aittola-zar.com\/wp-content\/themes\/aittola-zar\/images\/whatsapp16.png\",\"datePublished\":\"2019-10-02T15:49:34+00:00\",\"dateModified\":\"2024-11-12T15:25:12+00:00\",\"description\":\"Cont\u00e1ctanos para reservas, consultas sobre men\u00fas o cualquier otra informaci\u00f3n que necesites. Estaremos encantados de atenderte y ayudarte a planear una experiencia memorable en nuestro restaurante.\",\"breadcrumb\":{\"@id\":\"https:\/\/aittola-zar.com\/es\/contacto\/#breadcrumb\"},\"inLanguage\":\"es\",\"potentialAction\":[{\"@type\":\"ReadAction\",\"target\":[\"https:\/\/aittola-zar.com\/es\/contacto\/\"]}]},{\"@type\":\"ImageObject\",\"inLanguage\":\"es\",\"@id\":\"https:\/\/aittola-zar.com\/es\/contacto\/#primaryimage\",\"url\":\"https:\/\/aittola-zar.com\/wp-content\/themes\/aittola-zar\/images\/whatsapp16.png\",\"contentUrl\":\"https:\/\/aittola-zar.com\/wp-content\/themes\/aittola-zar\/images\/whatsapp16.png\"},{\"@type\":\"BreadcrumbList\",\"@id\":\"https:\/\/aittola-zar.com\/es\/contacto\/#breadcrumb\",\"itemListElement\":[{\"@type\":\"ListItem\",\"position\":1,\"name\":\"Home\",\"item\":\"https:\/\/aittola-zar.com\/es\/\"},{\"@type\":\"ListItem\",\"position\":2,\"name\":\"Contacto\"}]},{\"@type\":\"WebSite\",\"@id\":\"https:\/\/aittola-zar.com\/es\/#website\",\"url\":\"https:\/\/aittola-zar.com\/es\/\",\"name\":\"Restaurante Aittola-Zar Jatetxea\",\"description\":\"Aittola-Zar\",\"potentialAction\":[{\"@type\":\"SearchAction\",\"target\":{\"@type\":\"EntryPoint\",\"urlTemplate\":\"https:\/\/aittola-zar.com\/es\/?s={search_term_string}\"},\"query-input\":{\"@type\":\"PropertyValueSpecification\",\"valueRequired\":true,\"valueName\":\"search_term_string\"}}],\"inLanguage\":\"es\"}]}<\/script>\n<!-- \/ Yoast SEO plugin. -->","yoast_head_json":{"title":"Contacto - Restaurante Aittola-Zar Jatetxea","description":"Cont\u00e1ctanos para reservas, consultas sobre men\u00fas o cualquier otra informaci\u00f3n que necesites. Estaremos encantados de atenderte y ayudarte a planear una experiencia memorable en nuestro restaurante.","robots":{"index":"index","follow":"follow","max-snippet":"max-snippet:-1","max-image-preview":"max-image-preview:large","max-video-preview":"max-video-preview:-1"},"canonical":"https:\/\/aittola-zar.com\/es\/contacto\/","og_locale":"es_ES","og_type":"article","og_title":"Contacto - Restaurante Aittola-Zar Jatetxea","og_description":"Cont\u00e1ctanos para reservas, consultas sobre men\u00fas o cualquier otra informaci\u00f3n que necesites. Estaremos encantados de atenderte y ayudarte a planear una experiencia memorable en nuestro restaurante.","og_url":"https:\/\/aittola-zar.com\/es\/contacto\/","og_site_name":"Restaurante Aittola-Zar Jatetxea","article_modified_time":"2024-11-12T15:25:12+00:00","og_image":[{"url":"https:\/\/aittola-zar.com\/wp-content\/themes\/aittola-zar\/images\/whatsapp16.png","type":"","width":"","height":""}],"twitter_card":"summary_large_image","twitter_misc":{"Tiempo de lectura":"2 minutos"},"schema":{"@context":"https:\/\/schema.org","@graph":[{"@type":"WebPage","@id":"https:\/\/aittola-zar.com\/es\/contacto\/","url":"https:\/\/aittola-zar.com\/es\/contacto\/","name":"Contacto - Restaurante Aittola-Zar Jatetxea","isPartOf":{"@id":"https:\/\/aittola-zar.com\/es\/#website"},"primaryImageOfPage":{"@id":"https:\/\/aittola-zar.com\/es\/contacto\/#primaryimage"},"image":{"@id":"https:\/\/aittola-zar.com\/es\/contacto\/#primaryimage"},"thumbnailUrl":"https:\/\/aittola-zar.com\/wp-content\/themes\/aittola-zar\/images\/whatsapp16.png","datePublished":"2019-10-02T15:49:34+00:00","dateModified":"2024-11-12T15:25:12+00:00","description":"Cont\u00e1ctanos para reservas, consultas sobre men\u00fas o cualquier otra informaci\u00f3n que necesites. Estaremos encantados de atenderte y ayudarte a planear una experiencia memorable en nuestro restaurante.","breadcrumb":{"@id":"https:\/\/aittola-zar.com\/es\/contacto\/#breadcrumb"},"inLanguage":"es","potentialAction":[{"@type":"ReadAction","target":["https:\/\/aittola-zar.com\/es\/contacto\/"]}]},{"@type":"ImageObject","inLanguage":"es","@id":"https:\/\/aittola-zar.com\/es\/contacto\/#primaryimage","url":"https:\/\/aittola-zar.com\/wp-content\/themes\/aittola-zar\/images\/whatsapp16.png","contentUrl":"https:\/\/aittola-zar.com\/wp-content\/themes\/aittola-zar\/images\/whatsapp16.png"},{"@type":"BreadcrumbList","@id":"https:\/\/aittola-zar.com\/es\/contacto\/#breadcrumb","itemListElement":[{"@type":"ListItem","position":1,"name":"Home","item":"https:\/\/aittola-zar.com\/es\/"},{"@type":"ListItem","position":2,"name":"Contacto"}]},{"@type":"WebSite","@id":"https:\/\/aittola-zar.com\/es\/#website","url":"https:\/\/aittola-zar.com\/es\/","name":"Restaurante Aittola-Zar Jatetxea","description":"Aittola-Zar","potentialAction":[{"@type":"SearchAction","target":{"@type":"EntryPoint","urlTemplate":"https:\/\/aittola-zar.com\/es\/?s={search_term_string}"},"query-input":{"@type":"PropertyValueSpecification","valueRequired":true,"valueName":"search_term_string"}}],"inLanguage":"es"}]}},"_links":{"self":[{"href":"https:\/\/aittola-zar.com\/es\/wp-json\/wp\/v2\/pages\/1518","targetHints":{"allow":["GET"]}}],"collection":[{"href":"https:\/\/aittola-zar.com\/es\/wp-json\/wp\/v2\/pages"}],"about":[{"href":"https:\/\/aittola-zar.com\/es\/wp-json\/wp\/v2\/types\/page"}],"author":[{"embeddable":true,"href":"https:\/\/aittola-zar.com\/es\/wp-json\/wp\/v2\/users\/1"}],"replies":[{"embeddable":true,"href":"https:\/\/aittola-zar.com\/es\/wp-json\/wp\/v2\/comments?post=1518"}],"version-history":[{"count":10,"href":"https:\/\/aittola-zar.com\/es\/wp-json\/wp\/v2\/pages\/1518\/revisions"}],"predecessor-version":[{"id":2622,"href":"https:\/\/aittola-zar.com\/es\/wp-json\/wp\/v2\/pages\/1518\/revisions\/2622"}],"wp:attachment":[{"href":"https:\/\/aittola-zar.com\/es\/wp-json\/wp\/v2\/media?parent=1518"}],"curies":[{"name":"wp","href":"https:\/\/api.w.org\/{rel}","templated":true}]}}