{"id":1521,"date":"2019-10-02T18:00:33","date_gmt":"2019-10-02T16:00:33","guid":{"rendered":"https:\/\/aittola-zar.com\/entorno\/"},"modified":"2024-11-15T09:25:36","modified_gmt":"2024-11-15T08:25:36","slug":"entorno","status":"publish","type":"page","link":"https:\/\/aittola-zar.com\/es\/entorno\/","title":{"rendered":"Entorno"},"content":{"rendered":"<p>[et_pb_section fb_built=\u00bb1&#8243; admin_label=\u00bbZer bisitatu gure etxetik gertu\u00bb _builder_version=\u00bb4.16&#8243; background_color=\u00bb#ebebe3&#8243; background_image=\u00bbhttps:\/\/aittola-zar.com\/wp-content\/uploads\/2019\/07\/Aittola-Zar-Fondoa1920x442.png\u00bb background_size=\u00bbcontain\u00bb custom_padding=\u00bb||90px|\u00bb border_color_all=\u00bbrgba(51,51,51,0.2)\u00bb border_width_bottom=\u00bb1px\u00bb border_color_bottom=\u00bbrgba(72,72,71,0.3)\u00bb global_colors_info=\u00bb{}\u00bb][et_pb_row column_structure=\u00bb3_5,2_5&#8243; _builder_version=\u00bb4.16&#8243; custom_margin=\u00bb|||\u00bb locked=\u00bboff\u00bb global_colors_info=\u00bb{}\u00bb][et_pb_column type=\u00bb3_5&#8243; _builder_version=\u00bb4.16&#8243; custom_padding=\u00bb|||\u00bb global_colors_info=\u00bb{}\u00bb custom_padding__hover=\u00bb|||\u00bb][et_pb_text admin_label=\u00bbTitle\u00bb _builder_version=\u00bb4.27.3&#8243; text_font=\u00bb||||||||\u00bb header_font=\u00bbCormorant Garamond|500|||||||\u00bb header_text_align=\u00bbcenter\u00bb header_text_color=\u00bb#a2906d\u00bb header_font_size=\u00bb3rem\u00bb header_line_height=\u00bb3rem\u00bb header_2_font=\u00bbCormorant Garamond|500|||||||\u00bb header_2_text_color=\u00bb#1e1e1e\u00bb header_2_font_size=\u00bb3rem\u00bb header_2_line_height=\u00bb3rem\u00bb text_orientation=\u00bbcenter\u00bb custom_margin=\u00bb||15px|\u00bb animation_style=\u00bbfade\u00bb header_2_font_size_tablet=\u00bb\u00bb header_2_font_size_phone=\u00bb\u00bb header_2_font_size_last_edited=\u00bbon|phone\u00bb header_2_line_height_tablet=\u00bb\u00bb header_2_line_height_phone=\u00bb\u00bb header_2_line_height_last_edited=\u00bbon|phone\u00bb global_colors_info=\u00bb{}\u00bb]<\/p>\n<h1>Qu\u00e9 visitar cerca de nuestra casa<\/h1>\n<p>[\/et_pb_text][et_pb_divider color=\u00bb#cccccc\u00bb divider_weight=\u00bb2px\u00bb _builder_version=\u00bb4.27.3&#8243; max_width=\u00bb80px\u00bb max_width_tablet=\u00bb100px\u00bb max_width_phone=\u00bb100px\u00bb max_width_last_edited=\u00bboff|desktop\u00bb module_alignment=\u00bbcenter\u00bb animation_style=\u00bbfade\u00bb global_colors_info=\u00bb{}\u00bb][\/et_pb_divider][\/et_pb_column][et_pb_column type=\u00bb2_5&#8243; _builder_version=\u00bb4.16&#8243; custom_padding=\u00bb|||\u00bb global_colors_info=\u00bb{}\u00bb custom_padding__hover=\u00bb|||\u00bb][et_pb_text module_class=\u00bbmenuak\u00bb _builder_version=\u00bb4.16&#8243; text_font=\u00bbCormorant||||||||\u00bb text_font_size=\u00bb1.4rem\u00bb header_font=\u00bb||||||||\u00bb header_5_font=\u00bbCormorant||||||||\u00bb header_5_font_size=\u00bb1.4rem\u00bb header_5_line_height=\u00bb1.5rem\u00bb global_colors_info=\u00bb{}\u00bb]<\/p>\n<div class=\"article-content\" style=\"text-align: justify;\">Si adem\u00e1s de disfrutar de una agradable comida, la idea es pasar un d\u00eda diferente, son varias las opciones de visitas y\/o actividades que se pueden llevar a cabo en las inmediaciones del restaurante Aittola-Zar.<\/div>\n<p>[\/et_pb_text][\/et_pb_column][\/et_pb_row][et_pb_row _builder_version=\u00bb4.16&#8243; global_colors_info=\u00bb{}\u00bb][et_pb_column type=\u00bb4_4&#8243; _builder_version=\u00bb4.16&#8243; custom_padding=\u00bb|||\u00bb global_colors_info=\u00bb{}\u00bb custom_padding__hover=\u00bb|||\u00bb][et_pb_text module_class=\u00bbingurunea\u00bb _builder_version=\u00bb4.16&#8243; border_width_all=\u00bb1px\u00bb border_color_all=\u00bbrgba(51,51,51,0.2)\u00bb border_width_top=\u00bb0px\u00bb border_width_right=\u00bb0px\u00bb border_width_left=\u00bb0px\u00bb global_colors_info=\u00bb{}\u00bb]<\/p>\n<div class=\"et_pb_pricing_heading\">\n<h2 class=\"et_pb_pricing_title\" style=\"text-align: right;\">MONTE<\/h2>\n<\/div>\n<p>[\/et_pb_text][\/et_pb_column][\/et_pb_row][et_pb_row column_structure=\u00bb1_3,1_3,1_3&#8243; make_equal=\u00bbon\u00bb _builder_version=\u00bb4.16&#8243; global_colors_info=\u00bb{}\u00bb][et_pb_column type=\u00bb1_3&#8243; _builder_version=\u00bb4.16&#8243; custom_padding=\u00bb|||\u00bb global_colors_info=\u00bb{}\u00bb custom_padding__hover=\u00bb|||\u00bb][et_pb_text _builder_version=\u00bb4.27.3&#8243; custom_margin=\u00bb||0px\u00bb custom_padding=\u00bb||0px\u00bb link_option_url=\u00bbhttps:\/\/urolaturismoa.eus\/es\/experiencias\/senderismo-en-izarraitz\/monte-arriba-a-las-cumbres-de-izarraitz\/\u00bb link_option_url_new_window=\u00bbon\u00bb border_width_all=\u00bb1px\u00bb border_color_all=\u00bbrgba(72,72,71,0.3)\u00bb global_colors_info=\u00bb{}\u00bb]<\/p>\n<div class=\"et_pb_pricing_heading\">\n<h2 class=\"et_pb_pricing_title\" style=\"text-align: center;\">ERLO<\/h2>\n<\/div>\n<p><a href=\"https:\/\/urolaturismoa.eus\/es\/experiencias\/senderismo-en-izarraitz\/monte-arriba-a-las-cumbres-de-izarraitz\/\" target=\"_blank\" rel=\"noopener noreferrer\"><img loading=\"lazy\" decoding=\"async\" class=\"aligncenter\" src=\"https:\/\/aittola-zar.com\/wp-content\/uploads\/2019\/09\/Erl_o.jpg\" alt=\"\" width=\"300\" height=\"300\" \/><\/a>[\/et_pb_text][\/et_pb_column][et_pb_column type=\u00bb1_3&#8243; _builder_version=\u00bb4.16&#8243; custom_padding=\u00bb|||\u00bb global_colors_info=\u00bb{}\u00bb custom_padding__hover=\u00bb|||\u00bb][et_pb_text _builder_version=\u00bb4.27.3&#8243; custom_margin=\u00bb||0px\u00bb custom_padding=\u00bb||0px\u00bb link_option_url=\u00bbhttps:\/\/urolaturismoa.eus\/es\/experiencias\/senderismo-en-izarraitz\/monte-arriba-a-las-cumbres-de-izarraitz\/\u00bb link_option_url_new_window=\u00bbon\u00bb border_width_all=\u00bb1px\u00bb border_color_all=\u00bbrgba(72,72,71,0.3)\u00bb global_colors_info=\u00bb{}\u00bb]<\/p>\n<div class=\"et_pb_pricing_heading\">\n<h2 class=\"et_pb_pricing_title\" style=\"text-align: center;\">XOXOTE<\/h2>\n<\/div>\n<p><span class=\"et_pb_image_wrap \"><img decoding=\"async\" class=\"aligncenter\" src=\"https:\/\/aittola-zar.com\/wp-content\/uploads\/2019\/09\/xoxote.jpg\" alt=\"\" \/><\/span>[\/et_pb_text][\/et_pb_column][et_pb_column type=\u00bb1_3&#8243; _builder_version=\u00bb4.16&#8243; custom_padding=\u00bb|||\u00bb global_colors_info=\u00bb{}\u00bb custom_padding__hover=\u00bb|||\u00bb][et_pb_text _builder_version=\u00bb4.27.3&#8243; custom_margin=\u00bb||0px\u00bb custom_padding=\u00bb||0px\u00bb link_option_url=\u00bbhttps:\/\/urolaturismoa.eus\/es\/experiencias\/senderismo-en-izarraitz\/monte-arriba-a-las-cumbres-de-izarraitz\/\u00bb link_option_url_new_window=\u00bbon\u00bb border_width_all=\u00bb1px\u00bb border_color_all=\u00bbrgba(72,72,71,0.3)\u00bb global_colors_info=\u00bb{}\u00bb]<\/p>\n<div class=\"et_pb_pricing_heading\">\n<h2 class=\"et_pb_pricing_title\" style=\"text-align: center;\">KAKUTE<\/h2>\n<\/div>\n<p><span class=\"et_pb_image_wrap \"><a href=\"https:\/\/urolaturismoa.eus\/es\/experiencias\/senderismo-en-izarraitz\/monte-arriba-a-las-cumbres-de-izarraitz\/\" target=\"_blank\" rel=\"noopener noreferrer\"><img loading=\"lazy\" decoding=\"async\" class=\"aligncenter\" src=\"https:\/\/aittola-zar.com\/wp-content\/uploads\/2019\/09\/Kakute_2.jpg\" alt=\"\" width=\"300\" height=\"300\" \/><\/a><\/span>[\/et_pb_text][\/et_pb_column][\/et_pb_row][et_pb_row _builder_version=\u00bb4.16&#8243; global_colors_info=\u00bb{}\u00bb][et_pb_column type=\u00bb4_4&#8243; _builder_version=\u00bb4.16&#8243; custom_padding=\u00bb|||\u00bb global_colors_info=\u00bb{}\u00bb custom_padding__hover=\u00bb|||\u00bb][et_pb_text module_class=\u00bbmenuak\u00bb _builder_version=\u00bb4.16&#8243; text_font=\u00bbCormorant||||||||\u00bb text_font_size=\u00bb1.4rem\u00bb header_font=\u00bb||||||||\u00bb header_5_font=\u00bbCormorant||||||||\u00bb header_5_font_size=\u00bb1.4rem\u00bb header_5_line_height=\u00bb1.5rem\u00bb global_colors_info=\u00bb{}\u00bb]<\/p>\n<div class=\"article-content\" style=\"text-align: justify;\">Para los m\u00e1s activos, es un lugar ideal para la pr\u00e1ctica de <strong>senderismo<\/strong>. Son varias las ascensiones o rutas que se pueden realizar tomando como partida o como destino el restaurante Aittola-Zar o el aparcamiento del \u00e1rea recreativa de Aittola, situado a unos 800 metros del mismo. La cima m\u00e1s elevada del macizo de Izarraitz es Erlo (1026 m), pero tambi\u00e9n son conocidas las cimas de Xoxote (899 m) y Kakuta (942 m). Adem\u00e1s son varios los Peque\u00f1os Recorridos (PR Gi-137, PR Gi-138, PR Gi-147&#8230;) que atraviesan parte del macizo y quedan relativamente cerca del restaurante Aittola-Zar.<\/div>\n<p>[\/et_pb_text][\/et_pb_column][\/et_pb_row][et_pb_row _builder_version=\u00bb4.16&#8243; global_colors_info=\u00bb{}\u00bb][et_pb_column type=\u00bb4_4&#8243; _builder_version=\u00bb4.16&#8243; custom_padding=\u00bb|||\u00bb global_colors_info=\u00bb{}\u00bb custom_padding__hover=\u00bb|||\u00bb][et_pb_text module_class=\u00bbingurunea\u00bb _builder_version=\u00bb4.16&#8243; border_width_all=\u00bb1px\u00bb border_color_all=\u00bbrgba(51,51,51,0.2)\u00bb border_width_top=\u00bb0px\u00bb border_width_right=\u00bb0px\u00bb border_width_left=\u00bb0px\u00bb global_colors_info=\u00bb{}\u00bb]<\/p>\n<div class=\"et_pb_pricing_heading\">\n<h2 class=\"et_pb_pricing_title\" style=\"text-align: left;\">MAR<\/h2>\n<\/div>\n<p>[\/et_pb_text][\/et_pb_column][\/et_pb_row][et_pb_row column_structure=\u00bb1_3,1_3,1_3&#8243; make_equal=\u00bbon\u00bb _builder_version=\u00bb4.16&#8243; global_colors_info=\u00bb{}\u00bb][et_pb_column type=\u00bb1_3&#8243; _builder_version=\u00bb4.16&#8243; custom_padding=\u00bb|||\u00bb global_colors_info=\u00bb{}\u00bb custom_padding__hover=\u00bb|||\u00bb][et_pb_text _builder_version=\u00bb4.27.3&#8243; custom_margin=\u00bb||0px\u00bb custom_padding=\u00bb||0px\u00bb link_option_url=\u00bbhttps:\/\/urolaturismoa.eus\/es\/naturaleza\/geoparque\/\u00bb link_option_url_new_window=\u00bbon\u00bb border_width_all=\u00bb1px\u00bb border_color_all=\u00bbrgba(72,72,71,0.3)\u00bb global_colors_info=\u00bb{}\u00bb]<\/p>\n<div class=\"et_pb_pricing_heading\">\n<h2 class=\"et_pb_pricing_title\" style=\"text-align: center;\">GEOPARKEA<\/h2>\n<\/div>\n<p><span class=\"et_pb_image_wrap \"><img decoding=\"async\" class=\"aligncenter\" src=\"https:\/\/aittola-zar.com\/wp-content\/uploads\/2019\/09\/Geoparkea.jpg\" alt=\"\" width=\"300\" height=\"auto\" \/><\/span>[\/et_pb_text][\/et_pb_column][et_pb_column type=\u00bb1_3&#8243; _builder_version=\u00bb4.16&#8243; custom_padding=\u00bb|||\u00bb global_colors_info=\u00bb{}\u00bb custom_padding__hover=\u00bb|||\u00bb][et_pb_text _builder_version=\u00bb4.27.3&#8243; custom_margin=\u00bb||0px\u00bb custom_padding=\u00bb||0px\u00bb link_option_url=\u00bbhttps:\/\/urolaturismoa.eus\/es\/naturaleza\/geoparque\/\u00bb link_option_url_new_window=\u00bbon\u00bb border_width_all=\u00bb1px\u00bb border_color_all=\u00bbrgba(72,72,71,0.3)\u00bb global_colors_info=\u00bb{}\u00bb]<\/p>\n<div class=\"et_pb_pricing_heading\">\n<h2 class=\"et_pb_pricing_title\" style=\"text-align: center;\">ZUMAIA-DEBA<\/h2>\n<\/div>\n<p><span class=\"et_pb_image_wrap \"><img decoding=\"async\" class=\"aligncenter\" src=\"https:\/\/aittola-zar.com\/wp-content\/uploads\/2019\/09\/zumaia-deba-itsasontziz.png\" alt=\"\" \/><\/span>[\/et_pb_text][\/et_pb_column][et_pb_column type=\u00bb1_3&#8243; _builder_version=\u00bb4.16&#8243; custom_padding=\u00bb|||\u00bb global_colors_info=\u00bb{}\u00bb custom_padding__hover=\u00bb|||\u00bb][et_pb_text _builder_version=\u00bb4.27.3&#8243; custom_margin=\u00bb||0px\u00bb custom_padding=\u00bb||0px\u00bb link_option_url=\u00bbhttps:\/\/www.debabarrenaturismo.com\/es\/que-ver-en-debabarrena\/naturaleza\/senderismo\/acantilados-de-sakoneta\u00bb link_option_url_new_window=\u00bbon\u00bb border_width_all=\u00bb1px\u00bb border_color_all=\u00bbrgba(72,72,71,0.3)\u00bb global_colors_info=\u00bb{}\u00bb]<\/p>\n<div class=\"et_pb_pricing_heading\">\n<h2 class=\"et_pb_pricing_title\" style=\"text-align: center;\">SAKONETA<\/h2>\n<\/div>\n<p><span class=\"et_pb_image_wrap \"><img decoding=\"async\" class=\"aligncenter\" src=\"https:\/\/aittola-zar.com\/wp-content\/uploads\/2019\/09\/Sakoneta_Itxaspe.jpg\" alt=\"\" \/><\/span>[\/et_pb_text][\/et_pb_column][\/et_pb_row][et_pb_row _builder_version=\u00bb4.16&#8243; global_colors_info=\u00bb{}\u00bb][et_pb_column type=\u00bb4_4&#8243; _builder_version=\u00bb4.16&#8243; custom_padding=\u00bb|||\u00bb global_colors_info=\u00bb{}\u00bb custom_padding__hover=\u00bb|||\u00bb][et_pb_text module_class=\u00bbmenuak\u00bb _builder_version=\u00bb4.16&#8243; text_font=\u00bbCormorant||||||||\u00bb text_font_size=\u00bb1.4rem\u00bb header_font=\u00bb||||||||\u00bb header_5_font=\u00bbCormorant||||||||\u00bb header_5_font_size=\u00bb1.4rem\u00bb header_5_line_height=\u00bb1.5rem\u00bb global_colors_info=\u00bb{}\u00bb]<\/p>\n<div class=\"article-content\" style=\"text-align: justify;\">Al encontrarse enclavado entre dos comarcas &#8211; Urola y Debabarrena- son numerosas las localidades tanto costeras como de interior que resultan merecedoras de una visita. Ejemplo de ello son <strong>Mutriku, Deba y Zumaia<\/strong>, que conforman el recientemente nombrado <strong>Geoparque de la Costa Vasca<\/strong>.<br \/>\nEn la zona del barrio de Itxaspe, entre Deba y Zumaia, podemos disfrutar de <strong>una de las panor\u00e1micas m\u00e1s hermosas y espectaculares de la costa vasca<\/strong>, lo que se conoce como rasa mareal o el <strong>flysch<\/strong>. En este lugar se encuentran las salvajes playas de Mendata y Sakoneta, ambas de gran belleza.<\/div>\n<p>[\/et_pb_text][\/et_pb_column][\/et_pb_row][et_pb_row _builder_version=\u00bb4.16&#8243; global_colors_info=\u00bb{}\u00bb][et_pb_column type=\u00bb4_4&#8243; _builder_version=\u00bb4.16&#8243; custom_padding=\u00bb|||\u00bb global_colors_info=\u00bb{}\u00bb custom_padding__hover=\u00bb|||\u00bb][et_pb_text module_class=\u00bbingurunea\u00bb _builder_version=\u00bb4.16&#8243; border_width_all=\u00bb1px\u00bb border_color_all=\u00bbrgba(51,51,51,0.2)\u00bb border_width_top=\u00bb0px\u00bb border_width_right=\u00bb0px\u00bb border_width_left=\u00bb0px\u00bb global_colors_info=\u00bb{}\u00bb]<\/p>\n<div class=\"et_pb_pricing_heading\">\n<h2 class=\"et_pb_pricing_title\" style=\"text-align: right;\">PUEBLO<\/h2>\n<\/div>\n<p>[\/et_pb_text][\/et_pb_column][\/et_pb_row][et_pb_row column_structure=\u00bb1_3,1_3,1_3&#8243; make_equal=\u00bbon\u00bb _builder_version=\u00bb4.16&#8243; global_colors_info=\u00bb{}\u00bb][et_pb_column type=\u00bb1_3&#8243; _builder_version=\u00bb4.16&#8243; custom_padding=\u00bb|||\u00bb global_colors_info=\u00bb{}\u00bb custom_padding__hover=\u00bb|||\u00bb][et_pb_text _builder_version=\u00bb4.27.3&#8243; custom_margin=\u00bb||0px\u00bb custom_padding=\u00bb||0px\u00bb link_option_url=\u00bbhttps:\/\/www.lastur.eus\/es\/\u00bb link_option_url_new_window=\u00bbon\u00bb hover_enabled=\u00bb0&#8243; border_width_all=\u00bb1px\u00bb border_color_all=\u00bbrgba(72,72,71,0.3)\u00bb global_colors_info=\u00bb{}\u00bb sticky_enabled=\u00bb0&#8243;]<\/p>\n<div class=\"et_pb_pricing_heading\">\n<h2 class=\"et_pb_pricing_title\" style=\"text-align: center;\">LASTUR<\/h2>\n<\/div>\n<p><span class=\"et_pb_image_wrap \"><img decoding=\"async\" class=\"aligncenter\" src=\"https:\/\/aittola-zar.com\/wp-content\/uploads\/2019\/09\/Lastur.jpg\" alt=\"\" \/><\/span>[\/et_pb_text][\/et_pb_column][et_pb_column type=\u00bb1_3&#8243; _builder_version=\u00bb4.16&#8243; custom_padding=\u00bb|||\u00bb global_colors_info=\u00bb{}\u00bb custom_padding__hover=\u00bb|||\u00bb][et_pb_text _builder_version=\u00bb4.27.3&#8243; custom_margin=\u00bb||0px\u00bb custom_padding=\u00bb||0px\u00bb link_option_url=\u00bbhttps:\/\/www.ekainberri.eus\/\u00bb link_option_url_new_window=\u00bbon\u00bb border_width_all=\u00bb1px\u00bb border_color_all=\u00bbrgba(72,72,71,0.3)\u00bb global_colors_info=\u00bb{}\u00bb]<\/p>\n<div class=\"et_pb_pricing_heading\">\n<h2 class=\"et_pb_pricing_title\" style=\"text-align: center;\">EKAINBERRI<\/h2>\n<\/div>\n<p><span class=\"et_pb_image_wrap \"><img decoding=\"async\" class=\"aligncenter\" src=\"https:\/\/aittola-zar.com\/wp-content\/uploads\/2019\/09\/EkainBerri.jpg\" alt=\"\" \/><\/span>[\/et_pb_text][\/et_pb_column][et_pb_column type=\u00bb1_3&#8243; _builder_version=\u00bb4.16&#8243; custom_padding=\u00bb|||\u00bb global_colors_info=\u00bb{}\u00bb custom_padding__hover=\u00bb|||\u00bb][et_pb_text _builder_version=\u00bb4.27.3&#8243; custom_margin=\u00bb||0px\u00bb custom_padding=\u00bb||0px\u00bb link_option_url=\u00bbhttps:\/\/urolaturismoa.eus\/es\/cultura\/el-museo-vasco-del-ferrocarril\/\u00bb link_option_url_new_window=\u00bbon\u00bb border_width_all=\u00bb1px\u00bb border_color_all=\u00bbrgba(72,72,71,0.3)\u00bb global_colors_info=\u00bb{}\u00bb]<\/p>\n<div class=\"et_pb_pricing_heading\">\n<h2 class=\"et_pb_pricing_title\" style=\"text-align: center;\">LURRUN TRENA<\/h2>\n<\/div>\n<p><span class=\"et_pb_image_wrap \"><img decoding=\"async\" class=\"aligncenter\" src=\"https:\/\/aittola-zar.com\/wp-content\/uploads\/2019\/09\/LurrunTrena.jpg\" alt=\"\" \/><\/span>[\/et_pb_text][\/et_pb_column][\/et_pb_row][et_pb_row _builder_version=\u00bb4.16&#8243; global_colors_info=\u00bb{}\u00bb][et_pb_column type=\u00bb4_4&#8243; _builder_version=\u00bb4.16&#8243; custom_padding=\u00bb|||\u00bb global_colors_info=\u00bb{}\u00bb custom_padding__hover=\u00bb|||\u00bb][et_pb_text module_class=\u00bbmenuak\u00bb _builder_version=\u00bb4.16&#8243; text_font=\u00bbCormorant||||||||\u00bb text_font_size=\u00bb1.4rem\u00bb header_font=\u00bb||||||||\u00bb header_5_font=\u00bbCormorant||||||||\u00bb header_5_font_size=\u00bb1.4rem\u00bb header_5_line_height=\u00bb1.5rem\u00bb global_colors_info=\u00bb{}\u00bb]<\/p>\n<div class=\"article-content\" style=\"text-align: justify;\">Si miramos hacia el interior, y tomamos en cuenta las localidades de Urola medio, <strong>Azkoitia, Azpeitia y Zestoa<\/strong>, encontramos numerosos y diferentes recursos tur\u00edsticos. Las recientemente inauguradas cuevas de Ekain, el <strong>Museo Vasco del Ferrocarril de Azpeitia<\/strong>, <strong>El Santuario de Loiola<\/strong> .. etc. Tambi\u00e9n resulta muy interesante y rico el patrimonio hist\u00f3rico-monumental de cada una de las tres localidades.<\/div>\n<p>[\/et_pb_text][\/et_pb_column][\/et_pb_row][\/et_pb_section]<\/p>\n","protected":false},"excerpt":{"rendered":"<p>Qu\u00e9 visitar cerca de nuestra casaSi adem\u00e1s de disfrutar de una agradable comida, la idea es pasar un d\u00eda diferente, son varias las opciones de visitas y\/o actividades que se pueden llevar a cabo en las inmediaciones del restaurante Aittola-Zar. MONTE ERLO XOXOTE KAKUTE Para los m\u00e1s activos, es un lugar ideal para la pr\u00e1ctica [&hellip;]<\/p>\n","protected":false},"author":1,"featured_media":0,"parent":0,"menu_order":0,"comment_status":"closed","ping_status":"closed","template":"","meta":{"_et_pb_use_builder":"on","_et_pb_old_content":"","_et_gb_content_width":"","footnotes":""},"class_list":["post-1521","page","type-page","status-publish","hentry"],"yoast_head":"<!-- This site is optimized with the Yoast SEO plugin v26.1.1 - https:\/\/yoast.com\/wordpress\/plugins\/seo\/ -->\n<title>Entorno - Restaurante Aittola-Zar Jatetxea<\/title>\n<meta name=\"description\" content=\"Nuestro restaurante est\u00e1 rodeado de un entorno \u00fanico, con la belleza del monte y el encanto de los pueblos cercanos y el mar. Un lugar perfecto para disfrutar de una experiencia culinaria en contacto con la naturaleza y la tranquilidad de la regi\u00f3n.\" \/>\n<meta name=\"robots\" content=\"index, follow, max-snippet:-1, max-image-preview:large, max-video-preview:-1\" \/>\n<link rel=\"canonical\" href=\"https:\/\/aittola-zar.com\/es\/entorno\/\" \/>\n<meta property=\"og:locale\" content=\"es_ES\" \/>\n<meta property=\"og:type\" content=\"article\" \/>\n<meta property=\"og:title\" content=\"Entorno - Restaurante Aittola-Zar Jatetxea\" \/>\n<meta property=\"og:description\" content=\"Nuestro restaurante est\u00e1 rodeado de un entorno \u00fanico, con la belleza del monte y el encanto de los pueblos cercanos y el mar. Un lugar perfecto para disfrutar de una experiencia culinaria en contacto con la naturaleza y la tranquilidad de la regi\u00f3n.\" \/>\n<meta property=\"og:url\" content=\"https:\/\/aittola-zar.com\/es\/entorno\/\" \/>\n<meta property=\"og:site_name\" content=\"Restaurante Aittola-Zar Jatetxea\" \/>\n<meta property=\"article:modified_time\" content=\"2024-11-15T08:25:36+00:00\" \/>\n<meta property=\"og:image\" content=\"https:\/\/aittola-zar.com\/wp-content\/uploads\/2019\/09\/Erl_o.jpg\" \/>\n<meta name=\"twitter:card\" content=\"summary_large_image\" \/>\n<meta name=\"twitter:label1\" content=\"Tiempo de lectura\" \/>\n\t<meta name=\"twitter:data1\" content=\"4 minutos\" \/>\n<script type=\"application\/ld+json\" class=\"yoast-schema-graph\">{\"@context\":\"https:\/\/schema.org\",\"@graph\":[{\"@type\":\"WebPage\",\"@id\":\"https:\/\/aittola-zar.com\/es\/entorno\/\",\"url\":\"https:\/\/aittola-zar.com\/es\/entorno\/\",\"name\":\"Entorno - Restaurante Aittola-Zar Jatetxea\",\"isPartOf\":{\"@id\":\"https:\/\/aittola-zar.com\/es\/#website\"},\"primaryImageOfPage\":{\"@id\":\"https:\/\/aittola-zar.com\/es\/entorno\/#primaryimage\"},\"image\":{\"@id\":\"https:\/\/aittola-zar.com\/es\/entorno\/#primaryimage\"},\"thumbnailUrl\":\"https:\/\/aittola-zar.com\/wp-content\/uploads\/2019\/09\/Erl_o.jpg\",\"datePublished\":\"2019-10-02T16:00:33+00:00\",\"dateModified\":\"2024-11-15T08:25:36+00:00\",\"description\":\"Nuestro restaurante est\u00e1 rodeado de un entorno \u00fanico, con la belleza del monte y el encanto de los pueblos cercanos y el mar. Un lugar perfecto para disfrutar de una experiencia culinaria en contacto con la naturaleza y la tranquilidad de la regi\u00f3n.\",\"breadcrumb\":{\"@id\":\"https:\/\/aittola-zar.com\/es\/entorno\/#breadcrumb\"},\"inLanguage\":\"es\",\"potentialAction\":[{\"@type\":\"ReadAction\",\"target\":[\"https:\/\/aittola-zar.com\/es\/entorno\/\"]}]},{\"@type\":\"ImageObject\",\"inLanguage\":\"es\",\"@id\":\"https:\/\/aittola-zar.com\/es\/entorno\/#primaryimage\",\"url\":\"https:\/\/aittola-zar.com\/wp-content\/uploads\/2019\/09\/Erl_o.jpg\",\"contentUrl\":\"https:\/\/aittola-zar.com\/wp-content\/uploads\/2019\/09\/Erl_o.jpg\"},{\"@type\":\"BreadcrumbList\",\"@id\":\"https:\/\/aittola-zar.com\/es\/entorno\/#breadcrumb\",\"itemListElement\":[{\"@type\":\"ListItem\",\"position\":1,\"name\":\"Home\",\"item\":\"https:\/\/aittola-zar.com\/es\/\"},{\"@type\":\"ListItem\",\"position\":2,\"name\":\"Entorno\"}]},{\"@type\":\"WebSite\",\"@id\":\"https:\/\/aittola-zar.com\/es\/#website\",\"url\":\"https:\/\/aittola-zar.com\/es\/\",\"name\":\"Restaurante Aittola-Zar Jatetxea\",\"description\":\"Aittola-Zar\",\"potentialAction\":[{\"@type\":\"SearchAction\",\"target\":{\"@type\":\"EntryPoint\",\"urlTemplate\":\"https:\/\/aittola-zar.com\/es\/?s={search_term_string}\"},\"query-input\":{\"@type\":\"PropertyValueSpecification\",\"valueRequired\":true,\"valueName\":\"search_term_string\"}}],\"inLanguage\":\"es\"}]}<\/script>\n<!-- \/ Yoast SEO plugin. -->","yoast_head_json":{"title":"Entorno - Restaurante Aittola-Zar Jatetxea","description":"Nuestro restaurante est\u00e1 rodeado de un entorno \u00fanico, con la belleza del monte y el encanto de los pueblos cercanos y el mar. Un lugar perfecto para disfrutar de una experiencia culinaria en contacto con la naturaleza y la tranquilidad de la regi\u00f3n.","robots":{"index":"index","follow":"follow","max-snippet":"max-snippet:-1","max-image-preview":"max-image-preview:large","max-video-preview":"max-video-preview:-1"},"canonical":"https:\/\/aittola-zar.com\/es\/entorno\/","og_locale":"es_ES","og_type":"article","og_title":"Entorno - Restaurante Aittola-Zar Jatetxea","og_description":"Nuestro restaurante est\u00e1 rodeado de un entorno \u00fanico, con la belleza del monte y el encanto de los pueblos cercanos y el mar. Un lugar perfecto para disfrutar de una experiencia culinaria en contacto con la naturaleza y la tranquilidad de la regi\u00f3n.","og_url":"https:\/\/aittola-zar.com\/es\/entorno\/","og_site_name":"Restaurante Aittola-Zar Jatetxea","article_modified_time":"2024-11-15T08:25:36+00:00","og_image":[{"url":"https:\/\/aittola-zar.com\/wp-content\/uploads\/2019\/09\/Erl_o.jpg","type":"","width":"","height":""}],"twitter_card":"summary_large_image","twitter_misc":{"Tiempo de lectura":"4 minutos"},"schema":{"@context":"https:\/\/schema.org","@graph":[{"@type":"WebPage","@id":"https:\/\/aittola-zar.com\/es\/entorno\/","url":"https:\/\/aittola-zar.com\/es\/entorno\/","name":"Entorno - Restaurante Aittola-Zar Jatetxea","isPartOf":{"@id":"https:\/\/aittola-zar.com\/es\/#website"},"primaryImageOfPage":{"@id":"https:\/\/aittola-zar.com\/es\/entorno\/#primaryimage"},"image":{"@id":"https:\/\/aittola-zar.com\/es\/entorno\/#primaryimage"},"thumbnailUrl":"https:\/\/aittola-zar.com\/wp-content\/uploads\/2019\/09\/Erl_o.jpg","datePublished":"2019-10-02T16:00:33+00:00","dateModified":"2024-11-15T08:25:36+00:00","description":"Nuestro restaurante est\u00e1 rodeado de un entorno \u00fanico, con la belleza del monte y el encanto de los pueblos cercanos y el mar. Un lugar perfecto para disfrutar de una experiencia culinaria en contacto con la naturaleza y la tranquilidad de la regi\u00f3n.","breadcrumb":{"@id":"https:\/\/aittola-zar.com\/es\/entorno\/#breadcrumb"},"inLanguage":"es","potentialAction":[{"@type":"ReadAction","target":["https:\/\/aittola-zar.com\/es\/entorno\/"]}]},{"@type":"ImageObject","inLanguage":"es","@id":"https:\/\/aittola-zar.com\/es\/entorno\/#primaryimage","url":"https:\/\/aittola-zar.com\/wp-content\/uploads\/2019\/09\/Erl_o.jpg","contentUrl":"https:\/\/aittola-zar.com\/wp-content\/uploads\/2019\/09\/Erl_o.jpg"},{"@type":"BreadcrumbList","@id":"https:\/\/aittola-zar.com\/es\/entorno\/#breadcrumb","itemListElement":[{"@type":"ListItem","position":1,"name":"Home","item":"https:\/\/aittola-zar.com\/es\/"},{"@type":"ListItem","position":2,"name":"Entorno"}]},{"@type":"WebSite","@id":"https:\/\/aittola-zar.com\/es\/#website","url":"https:\/\/aittola-zar.com\/es\/","name":"Restaurante Aittola-Zar Jatetxea","description":"Aittola-Zar","potentialAction":[{"@type":"SearchAction","target":{"@type":"EntryPoint","urlTemplate":"https:\/\/aittola-zar.com\/es\/?s={search_term_string}"},"query-input":{"@type":"PropertyValueSpecification","valueRequired":true,"valueName":"search_term_string"}}],"inLanguage":"es"}]}},"_links":{"self":[{"href":"https:\/\/aittola-zar.com\/es\/wp-json\/wp\/v2\/pages\/1521","targetHints":{"allow":["GET"]}}],"collection":[{"href":"https:\/\/aittola-zar.com\/es\/wp-json\/wp\/v2\/pages"}],"about":[{"href":"https:\/\/aittola-zar.com\/es\/wp-json\/wp\/v2\/types\/page"}],"author":[{"embeddable":true,"href":"https:\/\/aittola-zar.com\/es\/wp-json\/wp\/v2\/users\/1"}],"replies":[{"embeddable":true,"href":"https:\/\/aittola-zar.com\/es\/wp-json\/wp\/v2\/comments?post=1521"}],"version-history":[{"count":12,"href":"https:\/\/aittola-zar.com\/es\/wp-json\/wp\/v2\/pages\/1521\/revisions"}],"predecessor-version":[{"id":2664,"href":"https:\/\/aittola-zar.com\/es\/wp-json\/wp\/v2\/pages\/1521\/revisions\/2664"}],"wp:attachment":[{"href":"https:\/\/aittola-zar.com\/es\/wp-json\/wp\/v2\/media?parent=1521"}],"curies":[{"name":"wp","href":"https:\/\/api.w.org\/{rel}","templated":true}]}}