{"id":1524,"date":"2019-10-02T18:02:38","date_gmt":"2019-10-02T16:02:38","guid":{"rendered":"https:\/\/aittola-zar.com\/galeria\/"},"modified":"2024-11-12T16:26:44","modified_gmt":"2024-11-12T15:26:44","slug":"galeria","status":"publish","type":"page","link":"https:\/\/aittola-zar.com\/es\/galeria\/","title":{"rendered":"Galeria"},"content":{"rendered":"<p>[et_pb_section fb_built=\u00bb1&#8243; custom_padding_last_edited=\u00bbon|phone\u00bb admin_label=\u00bbArgazki galeria\u00bb _builder_version=\u00bb4.16&#8243; background_color=\u00bb#ebebe3&#8243; background_image=\u00bbhttps:\/\/aittola-zar.com\/wp-content\/uploads\/2019\/07\/Aittola-Zar-Fondoa1920x442.png\u00bb background_size=\u00bbcontain\u00bb custom_padding=\u00bb90px||90px|\u00bb custom_padding_tablet=\u00bb\u00bb custom_padding_phone=\u00bb0px||0px\u00bb border_color_all=\u00bbrgba(51,51,51,0.2)\u00bb border_width_bottom=\u00bb1px\u00bb border_color_bottom=\u00bbrgba(72,72,71,0.3)\u00bb global_colors_info=\u00bb{}\u00bb][et_pb_row _builder_version=\u00bb4.16&#8243; custom_margin=\u00bb|||\u00bb locked=\u00bboff\u00bb global_colors_info=\u00bb{}\u00bb][et_pb_column type=\u00bb4_4&#8243; _builder_version=\u00bb4.16&#8243; custom_padding=\u00bb|||\u00bb global_colors_info=\u00bb{}\u00bb custom_padding__hover=\u00bb|||\u00bb][et_pb_text admin_label=\u00bbTitle\u00bb _builder_version=\u00bb4.27.3&#8243; text_font=\u00bb||||||||\u00bb header_font=\u00bbCormorant Garamond|500|||||||\u00bb header_text_align=\u00bbcenter\u00bb header_text_color=\u00bb#a2906d\u00bb header_font_size=\u00bb3rem\u00bb header_line_height=\u00bb3rem\u00bb header_2_font=\u00bbCormorant Garamond|500|||||||\u00bb header_2_text_color=\u00bb#1e1e1e\u00bb header_2_font_size=\u00bb3rem\u00bb header_2_line_height=\u00bb3rem\u00bb text_orientation=\u00bbcenter\u00bb custom_margin=\u00bb||15px|\u00bb animation_style=\u00bbfade\u00bb hover_enabled=\u00bb0&#8243; header_2_font_size_tablet=\u00bb\u00bb header_2_font_size_phone=\u00bb\u00bb header_2_font_size_last_edited=\u00bbon|phone\u00bb header_2_line_height_tablet=\u00bb\u00bb header_2_line_height_phone=\u00bb\u00bb header_2_line_height_last_edited=\u00bbon|phone\u00bb global_colors_info=\u00bb{}\u00bb sticky_enabled=\u00bb0&#8243;]<\/p>\n<h1>Galer\u00eda<\/h1>\n<p>[\/et_pb_text][et_pb_divider color=\u00bb#cccccc\u00bb divider_weight=\u00bb2px\u00bb _builder_version=\u00bb4.27.3&#8243; max_width=\u00bb80px\u00bb max_width_tablet=\u00bb100px\u00bb max_width_phone=\u00bb100px\u00bb max_width_last_edited=\u00bboff|desktop\u00bb module_alignment=\u00bbcenter\u00bb animation_style=\u00bbfade\u00bb global_colors_info=\u00bb{}\u00bb][\/et_pb_divider][\/et_pb_column][\/et_pb_row][et_pb_row _builder_version=\u00bb4.16&#8243; global_colors_info=\u00bb{}\u00bb][et_pb_column type=\u00bb4_4&#8243; _builder_version=\u00bb4.16&#8243; custom_padding=\u00bb|||\u00bb global_colors_info=\u00bb{}\u00bb custom_padding__hover=\u00bb|||\u00bb][et_pb_image src=\u00bbhttps:\/\/aittola-zar.com\/wp-content\/uploads\/2019\/09\/Aittola-Zar_13.jpg\u00bb show_in_lightbox=\u00bbon\u00bb align=\u00bbcenter\u00bb align_tablet=\u00bbcenter\u00bb align_phone=\u00bbcenter\u00bb align_last_edited=\u00bbon|desktop\u00bb module_class=\u00bbgaleria\u00bb _builder_version=\u00bb4.16&#8243; custom_padding=\u00bb|||\u00bb border_width_all=\u00bb1px\u00bb border_color_all=\u00bb#e0b70d\u00bb global_colors_info=\u00bb{}\u00bb][\/et_pb_image][\/et_pb_column][\/et_pb_row][et_pb_row column_structure=\u00bb1_2,1_2&#8243; make_equal=\u00bbon\u00bb _builder_version=\u00bb4.16&#8243; custom_margin=\u00bb|||\u00bb global_colors_info=\u00bb{}\u00bb][et_pb_column type=\u00bb1_2&#8243; _builder_version=\u00bb4.16&#8243; custom_padding=\u00bb|||\u00bb global_colors_info=\u00bb{}\u00bb custom_padding__hover=\u00bb|||\u00bb][et_pb_gallery gallery_ids=\u00bb1050,1048,1056,1054,1052&#8243; posts_number=\u00bb1&#8243; show_title_and_caption=\u00bboff\u00bb show_pagination=\u00bboff\u00bb zoom_icon_color=\u00bb#e0b70d\u00bb hover_overlay_color=\u00bbrgba(235,235,227,0.27)\u00bb hover_icon=\u00bb&#x50;||divi||400&#8243; module_class=\u00bbgaleria\u00bb _builder_version=\u00bb4.16&#8243; width=\u00bb120%\u00bb height=\u00bb120%\u00bb custom_margin=\u00bb|||8%\u00bb custom_padding=\u00bb10px|10px|10px|10px\u00bb custom_css_gallery_item=\u00bbwidth: 75%\u00bb border_width_all=\u00bb1px\u00bb border_color_all=\u00bb#e0b70d\u00bb global_colors_info=\u00bb{}\u00bb][\/et_pb_gallery][\/et_pb_column][et_pb_column type=\u00bb1_2&#8243; _builder_version=\u00bb4.16&#8243; custom_padding=\u00bb|||\u00bb global_colors_info=\u00bb{}\u00bb custom_padding__hover=\u00bb|||\u00bb][et_pb_gallery gallery_ids=\u00bb1069,1077,1085,1088,1090&#8243; posts_number=\u00bb1&#8243; show_title_and_caption=\u00bboff\u00bb show_pagination=\u00bboff\u00bb zoom_icon_color=\u00bb#e0b70d\u00bb hover_overlay_color=\u00bbrgba(235,235,227,0.27)\u00bb hover_icon=\u00bb&#x50;||divi||400&#8243; module_class=\u00bbgaleria\u00bb _builder_version=\u00bb4.16&#8243; width=\u00bb120%\u00bb height=\u00bb120%\u00bb custom_padding=\u00bb10px|10px|10px|10px\u00bb custom_css_gallery_item=\u00bbwidth: 75%\u00bb border_width_all=\u00bb1px\u00bb border_color_all=\u00bb#e0b70d\u00bb global_colors_info=\u00bb{}\u00bb][\/et_pb_gallery][\/et_pb_column][\/et_pb_row][\/et_pb_section][et_pb_section fb_built=\u00bb1&#8243; admin_label=\u00bbBideo galeria\u00bb _builder_version=\u00bb4.16&#8243; background_color=\u00bb#ffffff\u00bb background_image=\u00bbhttps:\/\/aittola-zar.com\/wp-content\/uploads\/2019\/07\/Aittola-Zar-Fondoa1920x442.png\u00bb background_size=\u00bbcontain\u00bb custom_padding=\u00bb90px||90px|\u00bb border_color_all=\u00bbrgba(51,51,51,0.2)\u00bb border_width_bottom=\u00bb1px\u00bb border_color_bottom=\u00bbrgba(72,72,71,0.3)\u00bb global_colors_info=\u00bb{}\u00bb][et_pb_row _builder_version=\u00bb4.16&#8243; global_colors_info=\u00bb{}\u00bb][et_pb_column type=\u00bb4_4&#8243; _builder_version=\u00bb4.16&#8243; custom_padding=\u00bb|||\u00bb global_colors_info=\u00bb{}\u00bb custom_padding__hover=\u00bb|||\u00bb][et_pb_text module_class=\u00bbingurunea2&#8243; _builder_version=\u00bb4.27.3&#8243; background_color=\u00bb#ffffff\u00bb border_width_all=\u00bb1px\u00bb border_color_all=\u00bbrgba(51,51,51,0.2)\u00bb border_width_top=\u00bb0px\u00bb border_width_right=\u00bb0px\u00bb border_width_left=\u00bb0px\u00bb global_colors_info=\u00bb{}\u00bb]<a id=\"a1\" name=\"Ancla\"><\/a><\/p>\n<div class=\"et_pb_pricing_heading\">\n<h2 class=\"et_pb_pricing_title\" style=\"text-align: left;\">NUESTROS V\u00cdDEOS<\/h2>\n<\/div>\n<p>[\/et_pb_text][\/et_pb_column][\/et_pb_row][et_pb_row column_structure=\u00bb1_5,3_5,1_5&#8243; make_equal=\u00bbon\u00bb _builder_version=\u00bb4.16&#8243; global_colors_info=\u00bb{}\u00bb][et_pb_column type=\u00bb1_5&#8243; _builder_version=\u00bb4.16&#8243; custom_padding=\u00bb|||\u00bb global_colors_info=\u00bb{}\u00bb custom_padding__hover=\u00bb|||\u00bb][\/et_pb_column][et_pb_column type=\u00bb3_5&#8243; _builder_version=\u00bb4.16&#8243; custom_padding=\u00bb|||\u00bb global_colors_info=\u00bb{}\u00bb custom_padding__hover=\u00bb|||\u00bb][et_pb_video src=\u00bbhttps:\/\/aittola-zar.com\/wp-content\/uploads\/2019\/09\/Aittola-Zar_Terraza.mp4&#8243; _builder_version=\u00bb4.24.0&#8243; _module_preset=\u00bbdefault\u00bb global_colors_info=\u00bb{}\u00bb][\/et_pb_video][et_pb_text _builder_version=\u00bb4.24.0&#8243; global_colors_info=\u00bb{}\u00bb]<\/p>\n<h3 class=\"et_pb_module_header\" style=\"text-align: center;\">Terraza cubierta<\/h3>\n<p>[\/et_pb_text][\/et_pb_column][et_pb_column type=\u00bb1_5&#8243; _builder_version=\u00bb4.16&#8243; custom_padding=\u00bb|||\u00bb global_colors_info=\u00bb{}\u00bb custom_padding__hover=\u00bb|||\u00bb][\/et_pb_column][\/et_pb_row][et_pb_row column_structure=\u00bb1_2,1_2&#8243; make_equal=\u00bbon\u00bb _builder_version=\u00bb4.24.0&#8243; global_colors_info=\u00bb{}\u00bb][et_pb_column type=\u00bb1_2&#8243; _builder_version=\u00bb4.24.0&#8243; custom_padding=\u00bb|||\u00bb global_colors_info=\u00bb{}\u00bb custom_padding__hover=\u00bb|||\u00bb][et_pb_video src=\u00bbhttps:\/\/aittola-zar.com\/wp-content\/uploads\/2019\/09\/Aittola-Zar_Bideoa1.mp4&#8243; _builder_version=\u00bb4.24.0&#8243; global_colors_info=\u00bb{}\u00bb][\/et_pb_video][et_pb_text _builder_version=\u00bb4.16&#8243; global_colors_info=\u00bb{}\u00bb]<\/p>\n<h3 class=\"et_pb_module_header\" style=\"text-align: center;\">Nuestros animales<\/h3>\n<p>[\/et_pb_text][\/et_pb_column][et_pb_column type=\u00bb1_2&#8243; _builder_version=\u00bb4.16&#8243; custom_padding=\u00bb|||\u00bb global_colors_info=\u00bb{}\u00bb custom_padding__hover=\u00bb|||\u00bb][et_pb_video src=\u00bbhttps:\/\/www.youtube.com\/watch?v=E50x18i_aB4&#8243; _builder_version=\u00bb4.24.0&#8243; global_colors_info=\u00bb{}\u00bb][\/et_pb_video][et_pb_text _builder_version=\u00bb4.16&#8243; global_colors_info=\u00bb{}\u00bb]<\/p>\n<h3 class=\"et_pb_module_header\" style=\"text-align: center;\">Nevada Aittola<\/h3>\n<p>[\/et_pb_text][\/et_pb_column][\/et_pb_row][\/et_pb_section]<\/p>\n","protected":false},"excerpt":{"rendered":"<p>Galer\u00eda NUESTROS V\u00cdDEOS Terraza cubiertaNuestros animalesNevada Aittola<\/p>\n","protected":false},"author":1,"featured_media":0,"parent":0,"menu_order":0,"comment_status":"closed","ping_status":"closed","template":"","meta":{"_et_pb_use_builder":"on","_et_pb_old_content":"","_et_gb_content_width":"","footnotes":""},"class_list":["post-1524","page","type-page","status-publish","hentry"],"yoast_head":"<!-- This site is optimized with the Yoast SEO plugin v26.1.1 - https:\/\/yoast.com\/wordpress\/plugins\/seo\/ -->\n<title>Galeria - Restaurante Aittola-Zar Jatetxea<\/title>\n<meta name=\"description\" content=\"Explora nuestra galer\u00eda y descubre cada rinc\u00f3n de nuestro restaurante. Desde los acogedores espacios interiores hasta las vistas panor\u00e1micas del entorno natural que nos rodea. Cada imagen captura la esencia de nuestra experiencia gastron\u00f3mica y el encanto de nuestro ambiente.\" \/>\n<meta name=\"robots\" content=\"index, follow, max-snippet:-1, max-image-preview:large, max-video-preview:-1\" \/>\n<link rel=\"canonical\" href=\"https:\/\/aittola-zar.com\/es\/galeria\/\" \/>\n<meta property=\"og:locale\" content=\"es_ES\" \/>\n<meta property=\"og:type\" content=\"article\" \/>\n<meta property=\"og:title\" content=\"Galeria - Restaurante Aittola-Zar Jatetxea\" \/>\n<meta property=\"og:description\" content=\"Explora nuestra galer\u00eda y descubre cada rinc\u00f3n de nuestro restaurante. Desde los acogedores espacios interiores hasta las vistas panor\u00e1micas del entorno natural que nos rodea. Cada imagen captura la esencia de nuestra experiencia gastron\u00f3mica y el encanto de nuestro ambiente.\" \/>\n<meta property=\"og:url\" content=\"https:\/\/aittola-zar.com\/es\/galeria\/\" \/>\n<meta property=\"og:site_name\" content=\"Restaurante Aittola-Zar Jatetxea\" \/>\n<meta property=\"article:modified_time\" content=\"2024-11-12T15:26:44+00:00\" \/>\n<meta name=\"twitter:card\" content=\"summary_large_image\" \/>\n<meta name=\"twitter:label1\" content=\"Tiempo de lectura\" \/>\n\t<meta name=\"twitter:data1\" content=\"3 minutos\" \/>\n<script type=\"application\/ld+json\" class=\"yoast-schema-graph\">{\"@context\":\"https:\/\/schema.org\",\"@graph\":[{\"@type\":\"WebPage\",\"@id\":\"https:\/\/aittola-zar.com\/es\/galeria\/\",\"url\":\"https:\/\/aittola-zar.com\/es\/galeria\/\",\"name\":\"Galeria - Restaurante Aittola-Zar Jatetxea\",\"isPartOf\":{\"@id\":\"https:\/\/aittola-zar.com\/es\/#website\"},\"datePublished\":\"2019-10-02T16:02:38+00:00\",\"dateModified\":\"2024-11-12T15:26:44+00:00\",\"description\":\"Explora nuestra galer\u00eda y descubre cada rinc\u00f3n de nuestro restaurante. Desde los acogedores espacios interiores hasta las vistas panor\u00e1micas del entorno natural que nos rodea. Cada imagen captura la esencia de nuestra experiencia gastron\u00f3mica y el encanto de nuestro ambiente.\",\"breadcrumb\":{\"@id\":\"https:\/\/aittola-zar.com\/es\/galeria\/#breadcrumb\"},\"inLanguage\":\"es\",\"potentialAction\":[{\"@type\":\"ReadAction\",\"target\":[\"https:\/\/aittola-zar.com\/es\/galeria\/\"]}]},{\"@type\":\"BreadcrumbList\",\"@id\":\"https:\/\/aittola-zar.com\/es\/galeria\/#breadcrumb\",\"itemListElement\":[{\"@type\":\"ListItem\",\"position\":1,\"name\":\"Home\",\"item\":\"https:\/\/aittola-zar.com\/es\/\"},{\"@type\":\"ListItem\",\"position\":2,\"name\":\"Galeria\"}]},{\"@type\":\"WebSite\",\"@id\":\"https:\/\/aittola-zar.com\/es\/#website\",\"url\":\"https:\/\/aittola-zar.com\/es\/\",\"name\":\"Restaurante Aittola-Zar Jatetxea\",\"description\":\"Aittola-Zar\",\"potentialAction\":[{\"@type\":\"SearchAction\",\"target\":{\"@type\":\"EntryPoint\",\"urlTemplate\":\"https:\/\/aittola-zar.com\/es\/?s={search_term_string}\"},\"query-input\":{\"@type\":\"PropertyValueSpecification\",\"valueRequired\":true,\"valueName\":\"search_term_string\"}}],\"inLanguage\":\"es\"}]}<\/script>\n<!-- \/ Yoast SEO plugin. -->","yoast_head_json":{"title":"Galeria - Restaurante Aittola-Zar Jatetxea","description":"Explora nuestra galer\u00eda y descubre cada rinc\u00f3n de nuestro restaurante. Desde los acogedores espacios interiores hasta las vistas panor\u00e1micas del entorno natural que nos rodea. Cada imagen captura la esencia de nuestra experiencia gastron\u00f3mica y el encanto de nuestro ambiente.","robots":{"index":"index","follow":"follow","max-snippet":"max-snippet:-1","max-image-preview":"max-image-preview:large","max-video-preview":"max-video-preview:-1"},"canonical":"https:\/\/aittola-zar.com\/es\/galeria\/","og_locale":"es_ES","og_type":"article","og_title":"Galeria - Restaurante Aittola-Zar Jatetxea","og_description":"Explora nuestra galer\u00eda y descubre cada rinc\u00f3n de nuestro restaurante. Desde los acogedores espacios interiores hasta las vistas panor\u00e1micas del entorno natural que nos rodea. Cada imagen captura la esencia de nuestra experiencia gastron\u00f3mica y el encanto de nuestro ambiente.","og_url":"https:\/\/aittola-zar.com\/es\/galeria\/","og_site_name":"Restaurante Aittola-Zar Jatetxea","article_modified_time":"2024-11-12T15:26:44+00:00","twitter_card":"summary_large_image","twitter_misc":{"Tiempo de lectura":"3 minutos"},"schema":{"@context":"https:\/\/schema.org","@graph":[{"@type":"WebPage","@id":"https:\/\/aittola-zar.com\/es\/galeria\/","url":"https:\/\/aittola-zar.com\/es\/galeria\/","name":"Galeria - Restaurante Aittola-Zar Jatetxea","isPartOf":{"@id":"https:\/\/aittola-zar.com\/es\/#website"},"datePublished":"2019-10-02T16:02:38+00:00","dateModified":"2024-11-12T15:26:44+00:00","description":"Explora nuestra galer\u00eda y descubre cada rinc\u00f3n de nuestro restaurante. Desde los acogedores espacios interiores hasta las vistas panor\u00e1micas del entorno natural que nos rodea. Cada imagen captura la esencia de nuestra experiencia gastron\u00f3mica y el encanto de nuestro ambiente.","breadcrumb":{"@id":"https:\/\/aittola-zar.com\/es\/galeria\/#breadcrumb"},"inLanguage":"es","potentialAction":[{"@type":"ReadAction","target":["https:\/\/aittola-zar.com\/es\/galeria\/"]}]},{"@type":"BreadcrumbList","@id":"https:\/\/aittola-zar.com\/es\/galeria\/#breadcrumb","itemListElement":[{"@type":"ListItem","position":1,"name":"Home","item":"https:\/\/aittola-zar.com\/es\/"},{"@type":"ListItem","position":2,"name":"Galeria"}]},{"@type":"WebSite","@id":"https:\/\/aittola-zar.com\/es\/#website","url":"https:\/\/aittola-zar.com\/es\/","name":"Restaurante Aittola-Zar Jatetxea","description":"Aittola-Zar","potentialAction":[{"@type":"SearchAction","target":{"@type":"EntryPoint","urlTemplate":"https:\/\/aittola-zar.com\/es\/?s={search_term_string}"},"query-input":{"@type":"PropertyValueSpecification","valueRequired":true,"valueName":"search_term_string"}}],"inLanguage":"es"}]}},"_links":{"self":[{"href":"https:\/\/aittola-zar.com\/es\/wp-json\/wp\/v2\/pages\/1524","targetHints":{"allow":["GET"]}}],"collection":[{"href":"https:\/\/aittola-zar.com\/es\/wp-json\/wp\/v2\/pages"}],"about":[{"href":"https:\/\/aittola-zar.com\/es\/wp-json\/wp\/v2\/types\/page"}],"author":[{"embeddable":true,"href":"https:\/\/aittola-zar.com\/es\/wp-json\/wp\/v2\/users\/1"}],"replies":[{"embeddable":true,"href":"https:\/\/aittola-zar.com\/es\/wp-json\/wp\/v2\/comments?post=1524"}],"version-history":[{"count":16,"href":"https:\/\/aittola-zar.com\/es\/wp-json\/wp\/v2\/pages\/1524\/revisions"}],"predecessor-version":[{"id":2627,"href":"https:\/\/aittola-zar.com\/es\/wp-json\/wp\/v2\/pages\/1524\/revisions\/2627"}],"wp:attachment":[{"href":"https:\/\/aittola-zar.com\/es\/wp-json\/wp\/v2\/media?parent=1524"}],"curies":[{"name":"wp","href":"https:\/\/api.w.org\/{rel}","templated":true}]}}