{"id":1527,"date":"2019-10-02T18:03:58","date_gmt":"2019-10-02T16:03:58","guid":{"rendered":"https:\/\/aittola-zar.com\/nuestro-restaurante\/"},"modified":"2019-10-14T10:43:28","modified_gmt":"2019-10-14T08:43:28","slug":"nuestro-restaurante","status":"publish","type":"page","link":"https:\/\/aittola-zar.com\/es\/nuestro-restaurante\/","title":{"rendered":"Nuestro Restaurante"},"content":{"rendered":"<p>[et_pb_section fb_built=\u00bb1&#8243; admin_label=\u00bbBereizten gaituena\u00bb _builder_version=\u00bb3.22.7&#8243; background_color=\u00bb#ebebe3&#8243; background_image=\u00bbhttps:\/\/aittola-zar.com\/wp-content\/uploads\/2019\/07\/Aittola-Zar-Fondoa1920x442.png\u00bb background_size=\u00bbcontain\u00bb border_color_all=\u00bbrgba(51,51,51,0.2)\u00bb border_width_bottom=\u00bb1px\u00bb border_color_bottom=\u00bbrgba(72,72,71,0.3)\u00bb custom_padding=\u00bb90px||90px|\u00bb][et_pb_row custom_margin=\u00bb|||\u00bb _builder_version=\u00bb3.22.7&#8243;][et_pb_column type=\u00bb4_4&#8243; _builder_version=\u00bb3.0.47&#8243;][et_pb_text admin_label=\u00bbTitle\u00bb _builder_version=\u00bb3.22.7&#8243; text_font=\u00bb||||||||\u00bb header_font=\u00bb||||||||\u00bb header_2_font=\u00bbCormorant Garamond|500|||||||\u00bb header_2_text_color=\u00bb#1e1e1e\u00bb header_2_font_size=\u00bb3rem\u00bb text_orientation=\u00bbcenter\u00bb custom_margin=\u00bb||15px|\u00bb animation_style=\u00bbfade\u00bb hover_enabled=\u00bb0&#8243; header_2_font_size_last_edited=\u00bbon|phone\u00bb header_2_line_height_last_edited=\u00bbon|phone\u00bb header_2_line_height=\u00bb3rem\u00bb]<\/p>\n<h2>Restaurante Aittola-Zar<\/h2>\n<p>[\/et_pb_text][\/et_pb_column][\/et_pb_row][et_pb_row _builder_version=\u00bb3.22.7&#8243;][et_pb_column type=\u00bb4_4&#8243; _builder_version=\u00bb3.22.7&#8243;][\/et_pb_column][\/et_pb_row][et_pb_row _builder_version=\u00bb3.22.7&#8243;][et_pb_column type=\u00bb1_2&#8243; _builder_version=\u00bb3.22.7&#8243;][et_pb_text module_class=\u00bbingurunea\u00bb _builder_version=\u00bb3.22.7&#8243; text_font=\u00bbCormorant||||||||\u00bb text_font_size=\u00bb1.4rem\u00bb header_font=\u00bb||||||||\u00bb header_5_font=\u00bbCormorant||||||||\u00bb header_5_font_size=\u00bb1.4rem\u00bb header_5_line_height=\u00bb1.5rem\u00bb]<\/p>\n<p style=\"text-align: justify;\">Situado en plena monta\u00f1a, a quince minutos de la localidad de Azkoitia y a tan solo veinte de la villa costera de Deba, encontramos el caser\u00edo restaurante Aittola-Zar, enclavado a los pies del macizo de Izarraitz, en un id\u00edlico entorno natural de enorme belleza y alto valor paisaj\u00edstico. <\/p>\n<p style=\"text-align: justify;\">Un lugar id\u00f3neo para disfrutar tanto de la tranquilidad que lo rodea como de la exquisita gastronom\u00eda que ofrece. Son muchos los que se acercan despu\u00e9s de dar un agradable paseo por la zona o incluso tras realizar alguna de las rutas de senderismo de alrededor. Cuenta con un acogedor comedor de ambiente familiar y estilo rural. En \u00e9l, se pueden degustar platos t\u00edpicos de la zona, siempre elaborados de un modo tradicional, tal y como lo han hecho las m\u00e1s de tres generaciones que han dado vida a este rinc\u00f3n tan especial. Carnes y pescados a la parrilla, fritos caseros o las alubias son parte de las especialidades de la casa, tambi\u00e9n los postres caseros como la \u00abmamia\u00bb, la tarta de manzana, el arroz con leche&#8230; te dejar\u00e1n un sabor de boca inolvidable.<\/p>\n<p>[\/et_pb_text][\/et_pb_column][et_pb_column type=\u00bb1_2&#8243; _builder_version=\u00bb3.22.7&#8243;][et_pb_image src=\u00bbhttps:\/\/aittola-zar.com\/wp-content\/uploads\/2019\/07\/Aittola-Zar-1.jpg\u00bb show_in_lightbox=\u00bbon\u00bb module_class=\u00bbjatetxea\u00bb _builder_version=\u00bb3.22.7&#8243; border_width_all=\u00bb1px\u00bb border_color_all=\u00bb#484847&#8243; custom_padding=\u00bb|||\u00bb][\/et_pb_image][\/et_pb_column][\/et_pb_row][et_pb_row _builder_version=\u00bb3.22.7&#8243;][et_pb_column type=\u00bb4_4&#8243; _builder_version=\u00bb3.22.7&#8243;][et_pb_image src=\u00bbhttps:\/\/aittola-zar.com\/wp-content\/uploads\/2019\/09\/Aittola-Zar_11.jpg\u00bb show_in_lightbox=\u00bbon\u00bb module_class=\u00bbjatetxea\u00bb _builder_version=\u00bb3.22.7&#8243; border_width_all=\u00bb1px\u00bb border_color_all=\u00bb#484847&#8243; custom_padding=\u00bb|||\u00bb][\/et_pb_image][\/et_pb_column][\/et_pb_row][\/et_pb_section]<\/p>\n","protected":false},"excerpt":{"rendered":"<p>Restaurante Aittola-ZarSituado en plena monta\u00f1a, a quince minutos de la localidad de Azkoitia y a tan solo veinte de la villa costera de Deba, encontramos el caser\u00edo restaurante Aittola-Zar, enclavado a los pies del macizo de Izarraitz, en un id\u00edlico entorno natural de enorme belleza y alto valor paisaj\u00edstico. Un lugar id\u00f3neo para disfrutar tanto [&hellip;]<\/p>\n","protected":false},"author":1,"featured_media":0,"parent":0,"menu_order":0,"comment_status":"closed","ping_status":"closed","template":"","meta":{"_et_pb_use_builder":"on","_et_pb_old_content":"","_et_gb_content_width":"","footnotes":""},"class_list":["post-1527","page","type-page","status-publish","hentry"],"yoast_head":"<!-- This site is optimized with the Yoast SEO plugin v26.1.1 - https:\/\/yoast.com\/wordpress\/plugins\/seo\/ -->\n<title>Nuestro Restaurante - Restaurante Aittola-Zar Jatetxea<\/title>\n<meta name=\"robots\" content=\"index, follow, max-snippet:-1, max-image-preview:large, max-video-preview:-1\" \/>\n<link rel=\"canonical\" href=\"https:\/\/aittola-zar.com\/es\/nuestro-restaurante\/\" \/>\n<meta property=\"og:locale\" content=\"es_ES\" \/>\n<meta property=\"og:type\" content=\"article\" \/>\n<meta property=\"og:title\" content=\"Nuestro Restaurante - Restaurante Aittola-Zar Jatetxea\" \/>\n<meta property=\"og:description\" content=\"Restaurante Aittola-ZarSituado en plena monta\u00f1a, a quince minutos de la localidad de Azkoitia y a tan solo veinte de la villa costera de Deba, encontramos el caser\u00edo restaurante Aittola-Zar, enclavado a los pies del macizo de Izarraitz, en un id\u00edlico entorno natural de enorme belleza y alto valor paisaj\u00edstico. Un lugar id\u00f3neo para disfrutar tanto [&hellip;]\" \/>\n<meta property=\"og:url\" content=\"https:\/\/aittola-zar.com\/es\/nuestro-restaurante\/\" \/>\n<meta property=\"og:site_name\" content=\"Restaurante Aittola-Zar Jatetxea\" \/>\n<meta property=\"article:modified_time\" content=\"2019-10-14T08:43:28+00:00\" \/>\n<meta name=\"twitter:card\" content=\"summary_large_image\" \/>\n<meta name=\"twitter:label1\" content=\"Tiempo de lectura\" \/>\n\t<meta name=\"twitter:data1\" content=\"2 minutos\" \/>\n<script type=\"application\/ld+json\" class=\"yoast-schema-graph\">{\"@context\":\"https:\/\/schema.org\",\"@graph\":[{\"@type\":\"WebPage\",\"@id\":\"https:\/\/aittola-zar.com\/es\/nuestro-restaurante\/\",\"url\":\"https:\/\/aittola-zar.com\/es\/nuestro-restaurante\/\",\"name\":\"Nuestro Restaurante - Restaurante Aittola-Zar Jatetxea\",\"isPartOf\":{\"@id\":\"https:\/\/aittola-zar.com\/es\/#website\"},\"datePublished\":\"2019-10-02T16:03:58+00:00\",\"dateModified\":\"2019-10-14T08:43:28+00:00\",\"breadcrumb\":{\"@id\":\"https:\/\/aittola-zar.com\/es\/nuestro-restaurante\/#breadcrumb\"},\"inLanguage\":\"es\",\"potentialAction\":[{\"@type\":\"ReadAction\",\"target\":[\"https:\/\/aittola-zar.com\/es\/nuestro-restaurante\/\"]}]},{\"@type\":\"BreadcrumbList\",\"@id\":\"https:\/\/aittola-zar.com\/es\/nuestro-restaurante\/#breadcrumb\",\"itemListElement\":[{\"@type\":\"ListItem\",\"position\":1,\"name\":\"Home\",\"item\":\"https:\/\/aittola-zar.com\/es\/\"},{\"@type\":\"ListItem\",\"position\":2,\"name\":\"Nuestro Restaurante\"}]},{\"@type\":\"WebSite\",\"@id\":\"https:\/\/aittola-zar.com\/es\/#website\",\"url\":\"https:\/\/aittola-zar.com\/es\/\",\"name\":\"Restaurante Aittola-Zar Jatetxea\",\"description\":\"Aittola-Zar\",\"potentialAction\":[{\"@type\":\"SearchAction\",\"target\":{\"@type\":\"EntryPoint\",\"urlTemplate\":\"https:\/\/aittola-zar.com\/es\/?s={search_term_string}\"},\"query-input\":{\"@type\":\"PropertyValueSpecification\",\"valueRequired\":true,\"valueName\":\"search_term_string\"}}],\"inLanguage\":\"es\"}]}<\/script>\n<!-- \/ Yoast SEO plugin. -->","yoast_head_json":{"title":"Nuestro Restaurante - Restaurante Aittola-Zar Jatetxea","robots":{"index":"index","follow":"follow","max-snippet":"max-snippet:-1","max-image-preview":"max-image-preview:large","max-video-preview":"max-video-preview:-1"},"canonical":"https:\/\/aittola-zar.com\/es\/nuestro-restaurante\/","og_locale":"es_ES","og_type":"article","og_title":"Nuestro Restaurante - Restaurante Aittola-Zar Jatetxea","og_description":"Restaurante Aittola-ZarSituado en plena monta\u00f1a, a quince minutos de la localidad de Azkoitia y a tan solo veinte de la villa costera de Deba, encontramos el caser\u00edo restaurante Aittola-Zar, enclavado a los pies del macizo de Izarraitz, en un id\u00edlico entorno natural de enorme belleza y alto valor paisaj\u00edstico. Un lugar id\u00f3neo para disfrutar tanto [&hellip;]","og_url":"https:\/\/aittola-zar.com\/es\/nuestro-restaurante\/","og_site_name":"Restaurante Aittola-Zar Jatetxea","article_modified_time":"2019-10-14T08:43:28+00:00","twitter_card":"summary_large_image","twitter_misc":{"Tiempo de lectura":"2 minutos"},"schema":{"@context":"https:\/\/schema.org","@graph":[{"@type":"WebPage","@id":"https:\/\/aittola-zar.com\/es\/nuestro-restaurante\/","url":"https:\/\/aittola-zar.com\/es\/nuestro-restaurante\/","name":"Nuestro Restaurante - Restaurante Aittola-Zar Jatetxea","isPartOf":{"@id":"https:\/\/aittola-zar.com\/es\/#website"},"datePublished":"2019-10-02T16:03:58+00:00","dateModified":"2019-10-14T08:43:28+00:00","breadcrumb":{"@id":"https:\/\/aittola-zar.com\/es\/nuestro-restaurante\/#breadcrumb"},"inLanguage":"es","potentialAction":[{"@type":"ReadAction","target":["https:\/\/aittola-zar.com\/es\/nuestro-restaurante\/"]}]},{"@type":"BreadcrumbList","@id":"https:\/\/aittola-zar.com\/es\/nuestro-restaurante\/#breadcrumb","itemListElement":[{"@type":"ListItem","position":1,"name":"Home","item":"https:\/\/aittola-zar.com\/es\/"},{"@type":"ListItem","position":2,"name":"Nuestro Restaurante"}]},{"@type":"WebSite","@id":"https:\/\/aittola-zar.com\/es\/#website","url":"https:\/\/aittola-zar.com\/es\/","name":"Restaurante Aittola-Zar Jatetxea","description":"Aittola-Zar","potentialAction":[{"@type":"SearchAction","target":{"@type":"EntryPoint","urlTemplate":"https:\/\/aittola-zar.com\/es\/?s={search_term_string}"},"query-input":{"@type":"PropertyValueSpecification","valueRequired":true,"valueName":"search_term_string"}}],"inLanguage":"es"}]}},"_links":{"self":[{"href":"https:\/\/aittola-zar.com\/es\/wp-json\/wp\/v2\/pages\/1527","targetHints":{"allow":["GET"]}}],"collection":[{"href":"https:\/\/aittola-zar.com\/es\/wp-json\/wp\/v2\/pages"}],"about":[{"href":"https:\/\/aittola-zar.com\/es\/wp-json\/wp\/v2\/types\/page"}],"author":[{"embeddable":true,"href":"https:\/\/aittola-zar.com\/es\/wp-json\/wp\/v2\/users\/1"}],"replies":[{"embeddable":true,"href":"https:\/\/aittola-zar.com\/es\/wp-json\/wp\/v2\/comments?post=1527"}],"version-history":[{"count":2,"href":"https:\/\/aittola-zar.com\/es\/wp-json\/wp\/v2\/pages\/1527\/revisions"}],"predecessor-version":[{"id":1692,"href":"https:\/\/aittola-zar.com\/es\/wp-json\/wp\/v2\/pages\/1527\/revisions\/1692"}],"wp:attachment":[{"href":"https:\/\/aittola-zar.com\/es\/wp-json\/wp\/v2\/media?parent=1527"}],"curies":[{"name":"wp","href":"https:\/\/api.w.org\/{rel}","templated":true}]}}